{"id":913,"date":"2018-04-27T09:16:26","date_gmt":"2018-04-27T09:16:26","guid":{"rendered":"http:\/\/www.aedbimarasfs.org\/en\/?page_id=913"},"modified":"2024-02-09T08:19:25","modified_gmt":"2024-02-09T08:19:25","slug":"donate","status":"publish","type":"page","link":"https:\/\/www.aedbimarasfs.org\/en\/fr\/donate\/","title":{"rendered":"Don"},"content":{"rendered":"<h2>Don<\/h2>\n<p>\t\t\t<a href=\"https:\/\/www.aedbimarasfs.org\/en\/fr\/who-we-are\/\" role=\"button\"><br \/>\n\t\t\t\t\t\tQui sommes-nous ?<br \/>\n\t\t\t\t\t<\/a><br \/>\n\t\t\t<a href=\"https:\/\/www.aedbimarasfs.org\/en\/fr\/what-we-do\/\" role=\"button\"><br \/>\n\t\t\t\t\t\tCe que nous faisons<br \/>\n\t\t\t\t\t<\/a><br \/>\n\t\t\t<a href=\"#\" role=\"button\"><br \/>\n\t\t\t\t\t\tS'impliquer<br \/>\n\t\t\t\t\t<\/a><\/p>\n<h2>DON<\/h2>\n<p>\t\t<em>Donner en retour est bon pour l'\u00e2me... et dans de nombreux cas, bon pour les r\u00e9sultats.<\/em><strong><br \/>AEDB<\/strong> vous permet de donner facilement et en toute s\u00e9curit\u00e9 \u00e0 des projets locaux, o\u00f9 que vous soyez dans le monde. <br \/>Les dons commencent \u00e0 partir de 5 $, 10 $, 50 $ jusqu'au montant qui vous convient le mieux.\t\t<\/p>\n<h2>Carte de cr\u00e9dit<\/h2>\n<p>\t\t\t\t\t\t\t\t\t\t<img loading=\"lazy\" decoding=\"async\" width=\"300\" height=\"300\" src=\"http:\/\/www.aedbimarasfs.org\/en\/wp-content\/uploads\/2018\/04\/Donation-Method-Credit-Card.png\" alt=\"\" srcset=\"https:\/\/www.aedbimarasfs.org\/en\/wp-content\/uploads\/2018\/04\/Donation-Method-Credit-Card.png 300w, https:\/\/www.aedbimarasfs.org\/en\/wp-content\/uploads\/2018\/04\/Donation-Method-Credit-Card-150x150.png 150w, https:\/\/www.aedbimarasfs.org\/en\/wp-content\/uploads\/2018\/04\/Donation-Method-Credit-Card-100x100.png 100w\" sizes=\"100vw\" \/><br \/>\n\t\t\t<a href=\"https:\/\/www.aedbimarasfs.org\/en\/fr\/donate-credit-card\/\" role=\"button\"><br \/>\n\t\t\t\t\t\tFaire un don<br \/>\n\t\t\t\t\t<\/a><\/p>\n<h2>Porte feuille el\u00e9ctronique<\/h2>\n<p>\t\t\t\t\t\t\t\t\t\t<img loading=\"lazy\" decoding=\"async\" width=\"300\" height=\"300\" src=\"http:\/\/www.aedbimarasfs.org\/en\/wp-content\/uploads\/2018\/04\/Donation-Method-e-Wallet.png\" alt=\"Donation Method - e-Wallet\" srcset=\"https:\/\/www.aedbimarasfs.org\/en\/wp-content\/uploads\/2018\/04\/Donation-Method-e-Wallet.png 300w, https:\/\/www.aedbimarasfs.org\/en\/wp-content\/uploads\/2018\/04\/Donation-Method-e-Wallet-150x150.png 150w, https:\/\/www.aedbimarasfs.org\/en\/wp-content\/uploads\/2018\/04\/Donation-Method-e-Wallet-100x100.png 100w\" sizes=\"100vw\" \/><br \/>\n\t\t\t<a href=\"https:\/\/www.aedbimarasfs.org\/en\/fr\/donate-ewallet\/\" role=\"button\"><br \/>\n\t\t\t\t\t\tFaire un don<br \/>\n\t\t\t\t\t<\/a><\/p>\n<h2>Catalogue des cadeaux<\/h2>\n<p>\t\t\t\t\t\t\t\t\t\t<img loading=\"lazy\" decoding=\"async\" width=\"300\" height=\"300\" src=\"http:\/\/www.aedbimarasfs.org\/en\/wp-content\/uploads\/2018\/04\/Donation-Method-Gifts.png\" alt=\"Donation Method - Gifts\" srcset=\"https:\/\/www.aedbimarasfs.org\/en\/wp-content\/uploads\/2018\/04\/Donation-Method-Gifts.png 300w, https:\/\/www.aedbimarasfs.org\/en\/wp-content\/uploads\/2018\/04\/Donation-Method-Gifts-150x150.png 150w, https:\/\/www.aedbimarasfs.org\/en\/wp-content\/uploads\/2018\/04\/Donation-Method-Gifts-100x100.png 100w\" sizes=\"100vw\" \/><br \/>\n\t\t\t<a href=\"https:\/\/www.aedbimarasfs.org\/en\/fr\/gifts-catelogue\/\" role=\"button\"><br \/>\n\t\t\t\t\t\tFaire un don<br \/>\n\t\t\t\t\t<\/a><\/p>\n<h2>EFT \/ Cheque<\/h2>\n<p>\t\t\t\t\t\t\t\t\t\t<img loading=\"lazy\" decoding=\"async\" width=\"300\" height=\"300\" src=\"http:\/\/www.aedbimarasfs.org\/en\/wp-content\/uploads\/2018\/04\/Donation-Method-Bank-Payments.png\" alt=\"Donation Method - Bank Payments\" srcset=\"https:\/\/www.aedbimarasfs.org\/en\/wp-content\/uploads\/2018\/04\/Donation-Method-Bank-Payments.png 300w, https:\/\/www.aedbimarasfs.org\/en\/wp-content\/uploads\/2018\/04\/Donation-Method-Bank-Payments-150x150.png 150w, https:\/\/www.aedbimarasfs.org\/en\/wp-content\/uploads\/2018\/04\/Donation-Method-Bank-Payments-100x100.png 100w\" sizes=\"100vw\" \/><br \/>\n\t\t\t<a href=\"\/en\/fr\/localhost\/www.aedbimarasfs.org\/donate-eft\/\" role=\"button\"><br \/>\n\t\t\t\t\t\tFaire un don<br \/>\n\t\t\t\t\t<\/a><\/p>","protected":false},"excerpt":{"rendered":"<p>Donate Who we are What we do Get involved DONATE &#8216;Giving back&#8217; is good for the soul &#8230; and in many cases, good for the bottom line.AEDB makes it easy and safe for you to give to local projects from anywhere in the world. Donations start as little as $5, $10, $50 right up to &hellip; <\/p>\n<p class=\"link-more\"><a href=\"https:\/\/www.aedbimarasfs.org\/en\/fr\/donate\/\" class=\"more-link\">Continuer la lecture<span class=\"screen-reader-text\"> de &laquo;&nbsp;Donate&nbsp;&raquo;<\/span><\/a><\/p>","protected":false},"author":1,"featured_media":0,"parent":0,"menu_order":0,"comment_status":"closed","ping_status":"closed","template":"elementor_header_footer","meta":{"footnotes":""},"_links":{"self":[{"href":"https:\/\/www.aedbimarasfs.org\/en\/fr\/wp-json\/wp\/v2\/pages\/913"}],"collection":[{"href":"https:\/\/www.aedbimarasfs.org\/en\/fr\/wp-json\/wp\/v2\/pages"}],"about":[{"href":"https:\/\/www.aedbimarasfs.org\/en\/fr\/wp-json\/wp\/v2\/types\/page"}],"author":[{"embeddable":true,"href":"https:\/\/www.aedbimarasfs.org\/en\/fr\/wp-json\/wp\/v2\/users\/1"}],"replies":[{"embeddable":true,"href":"https:\/\/www.aedbimarasfs.org\/en\/fr\/wp-json\/wp\/v2\/comments?post=913"}],"version-history":[{"count":54,"href":"https:\/\/www.aedbimarasfs.org\/en\/fr\/wp-json\/wp\/v2\/pages\/913\/revisions"}],"predecessor-version":[{"id":2179,"href":"https:\/\/www.aedbimarasfs.org\/en\/fr\/wp-json\/wp\/v2\/pages\/913\/revisions\/2179"}],"wp:attachment":[{"href":"https:\/\/www.aedbimarasfs.org\/en\/fr\/wp-json\/wp\/v2\/media?parent=913"}],"curies":[{"name":"wp","href":"https:\/\/api.w.org\/{rel}","templated":true}]}}