{"id":47,"date":"2018-04-11T22:39:56","date_gmt":"2018-04-11T22:39:56","guid":{"rendered":"http:\/\/www.aedbimarasfs.org\/en\/?page_id=47"},"modified":"2024-02-09T08:28:22","modified_gmt":"2024-02-09T08:28:22","slug":"home","status":"publish","type":"page","link":"https:\/\/www.aedbimarasfs.org\/en\/fr\/","title":{"rendered":"Accueil"},"content":{"rendered":"<h2>Bienvenue \u00e0 l'AEDB-Imara<\/h2>\n<p>\t\tNous sommes un r\u00e9seau d'anciens \u00e9l\u00e8ves engag\u00e9s dans le d\u00e9veloppement de la jeunesse ... (Enchant\u00e9 !)<br \/>\n\t\t\t<a href=\"https:\/\/www.aedbimarasfs.org\/en\/fr\/who-we-are\/\" role=\"button\"><br \/>\n\t\t\t\t\t\tQui sommes-nous ?<br \/>\n\t\t\t\t\t<\/a><br \/>\n\t\t\t<a href=\"https:\/\/www.aedbimarasfs.org\/en\/fr\/\" role=\"button\"><br \/>\n\t\t\t\t\t\tCe que nous faisons<br \/>\n\t\t\t\t\t<\/a><br \/>\n\t\t\t<a href=\"https:\/\/www.aedbimarasfs.org\/en\/fr\/get-involved\/\" role=\"button\"><br \/>\n\t\t\t\t\t\tS'impliquer<br \/>\n\t\t\t\t\t<\/a><\/p>\n<h2>Ce que nous faisons<\/h2>\n<p>\t\t\t\t\t\t\t\t\t\t<img loading=\"lazy\" decoding=\"async\" width=\"525\" height=\"350\" src=\"http:\/\/www.aedbimarasfs.org\/en\/wp-content\/uploads\/2018\/05\/home-education-thumb-2-768x512.jpg\" alt=\"Education\" srcset=\"https:\/\/www.aedbimarasfs.org\/en\/wp-content\/uploads\/2018\/05\/home-education-thumb-2-768x512.jpg 768w, https:\/\/www.aedbimarasfs.org\/en\/wp-content\/uploads\/2018\/05\/home-education-thumb-2-300x200.jpg 300w, https:\/\/www.aedbimarasfs.org\/en\/wp-content\/uploads\/2018\/05\/home-education-thumb-2-1024x683.jpg 1024w, https:\/\/www.aedbimarasfs.org\/en\/wp-content\/uploads\/2018\/05\/home-education-thumb-2.jpg 1200w\" sizes=\"100vw\" \/>\t\t\t\t\t\t\t\t\t\t\t<\/p>\n<h4>EDUCATION<\/h4>\n<p>Les \u00e9tudiants actuels des \u00e9coles sal\u00e9siennes et les anciens \u00e9l\u00e8ves sont encourag\u00e9s \u00e0 d\u00e9velopper un sens aigu des responsabilit\u00e9s...<\/p>\n<p>\t\t\t<a href=\"https:\/\/www.aedbimarasfs.org\/en\/fr\/education\/\" role=\"button\"><br \/>\n\t\t\t\t\t\tContinue Reading&#8230;<br \/>\n\t\t\t\t\t<\/a><br \/>\n\t\t\t\t\t\t\t\t\t\t<img loading=\"lazy\" decoding=\"async\" width=\"525\" height=\"350\" src=\"http:\/\/www.aedbimarasfs.org\/en\/wp-content\/uploads\/2018\/04\/home-community-engagement-768x512.jpg\" alt=\"AEDB Fellowship\" srcset=\"https:\/\/www.aedbimarasfs.org\/en\/wp-content\/uploads\/2018\/04\/home-community-engagement-768x512.jpg 768w, https:\/\/www.aedbimarasfs.org\/en\/wp-content\/uploads\/2018\/04\/home-community-engagement-300x200.jpg 300w, https:\/\/www.aedbimarasfs.org\/en\/wp-content\/uploads\/2018\/04\/home-community-engagement-1024x683.jpg 1024w, https:\/\/www.aedbimarasfs.org\/en\/wp-content\/uploads\/2018\/04\/home-community-engagement.jpg 1200w\" sizes=\"100vw\" \/>\t\t\t\t\t\t\t\t\t\t\t<\/p>\n<h4>BOURSE DE L'AEDB<\/h4>\n<p>La bourse AEDB-Imara offre un d\u00e9veloppement du leadership, de l'esprit d'entreprise et des comp\u00e9tences de vie...<\/p>\n<p>\t\t\t<a href=\"https:\/\/www.aedbimarasfs.org\/en\/fr\/fellowship\/\" role=\"button\"><br \/>\n\t\t\t\t\t\tContinue Reading&#8230;<br \/>\n\t\t\t\t\t<\/a><br \/>\n\t\t\t\t\t\t\t\t\t\t<img loading=\"lazy\" decoding=\"async\" width=\"525\" height=\"350\" src=\"http:\/\/www.aedbimarasfs.org\/en\/wp-content\/uploads\/2018\/04\/home-fellowship-thumb-768x512.jpg\" alt=\"Community Engagement\" srcset=\"https:\/\/www.aedbimarasfs.org\/en\/wp-content\/uploads\/2018\/04\/home-fellowship-thumb-768x512.jpg 768w, https:\/\/www.aedbimarasfs.org\/en\/wp-content\/uploads\/2018\/04\/home-fellowship-thumb-300x200.jpg 300w, https:\/\/www.aedbimarasfs.org\/en\/wp-content\/uploads\/2018\/04\/home-fellowship-thumb-1024x683.jpg 1024w, https:\/\/www.aedbimarasfs.org\/en\/wp-content\/uploads\/2018\/04\/home-fellowship-thumb.jpg 1200w\" sizes=\"100vw\" \/>\t\t\t\t\t\t\t\t\t\t\t<\/p>\n<h4>L'ENGAGEMENT COMMUNAUTAIRE<\/h4>\n<p>Nous travaillons avec les communaut\u00e9s locales pour approfondir leur approche du changement social et \u00e9conomique, et pour comprendre et...<\/p>\n<p>\t\t\t<a href=\"https:\/\/www.aedbimarasfs.org\/en\/fr\/community-engagement\/\" role=\"button\"><br \/>\n\t\t\t\t\t\tContinue Reading&#8230;<br \/>\n\t\t\t\t\t<\/a><br \/>\n\t\t\t\t\t\t\t\t\t\t<img loading=\"lazy\" decoding=\"async\" width=\"525\" height=\"350\" src=\"http:\/\/www.aedbimarasfs.org\/en\/wp-content\/uploads\/2018\/04\/home-network-thumb-768x512.jpg\" alt=\"\" srcset=\"https:\/\/www.aedbimarasfs.org\/en\/wp-content\/uploads\/2018\/04\/home-network-thumb-768x512.jpg 768w, https:\/\/www.aedbimarasfs.org\/en\/wp-content\/uploads\/2018\/04\/home-network-thumb-300x200.jpg 300w, https:\/\/www.aedbimarasfs.org\/en\/wp-content\/uploads\/2018\/04\/home-network-thumb-1024x683.jpg 1024w, https:\/\/www.aedbimarasfs.org\/en\/wp-content\/uploads\/2018\/04\/home-network-thumb.jpg 1200w\" sizes=\"100vw\" \/>\t\t\t\t\t\t\t\t\t\t\t<\/p>\n<h4>R\u00c9SEAU DES ANCIENS \u00c9L\u00c8VES<\/h4>\n<p>\u00cates-vous pr\u00eat \u00e0 retrousser vos manches, \u00e0 cr\u00e9er une communaut\u00e9 et \u00e0 vous atteler \u00e0 la cr\u00e9ation d'un syndicat plus int\u00e9gr\u00e9 ? Vous \u00eates au bon endroit.<\/p>\n<p>\t\t\t<a href=\"https:\/\/www.aedbimarasfs.org\/en\/fr\/alumni-network\/\" role=\"button\"><br \/>\n\t\t\t\t\t\tContinue Reading&#8230;<br \/>\n\t\t\t\t\t<\/a><br \/>\n\t\t\t\t\t\t\t\t\t\t<img loading=\"lazy\" decoding=\"async\" width=\"400\" height=\"400\" src=\"http:\/\/www.aedbimarasfs.org\/en\/wp-content\/uploads\/2018\/04\/team-thumb-01-1.png\" alt=\"Alain Barbero Mbayo (President)\" srcset=\"https:\/\/www.aedbimarasfs.org\/en\/wp-content\/uploads\/2018\/04\/team-thumb-01-1.png 400w, https:\/\/www.aedbimarasfs.org\/en\/wp-content\/uploads\/2018\/04\/team-thumb-01-1-150x150.png 150w, https:\/\/www.aedbimarasfs.org\/en\/wp-content\/uploads\/2018\/04\/team-thumb-01-1-300x300.png 300w, https:\/\/www.aedbimarasfs.org\/en\/wp-content\/uploads\/2018\/04\/team-thumb-01-1-100x100.png 100w\" sizes=\"100vw\" \/><br \/>\n\t\t\t\t\t\t\t\t\t\t<img loading=\"lazy\" decoding=\"async\" width=\"400\" height=\"400\" src=\"http:\/\/www.aedbimarasfs.org\/en\/wp-content\/uploads\/2018\/04\/team-thumb-05.png\" alt=\"\" srcset=\"https:\/\/www.aedbimarasfs.org\/en\/wp-content\/uploads\/2018\/04\/team-thumb-05.png 400w, https:\/\/www.aedbimarasfs.org\/en\/wp-content\/uploads\/2018\/04\/team-thumb-05-150x150.png 150w, https:\/\/www.aedbimarasfs.org\/en\/wp-content\/uploads\/2018\/04\/team-thumb-05-300x300.png 300w, https:\/\/www.aedbimarasfs.org\/en\/wp-content\/uploads\/2018\/04\/team-thumb-05-100x100.png 100w\" sizes=\"100vw\" \/><br \/>\n\t\t\t\t\t\t\t\t\t\t<img loading=\"lazy\" decoding=\"async\" width=\"400\" height=\"400\" src=\"http:\/\/www.aedbimarasfs.org\/en\/wp-content\/uploads\/2018\/04\/team-thumb-03.png\" alt=\"\" srcset=\"https:\/\/www.aedbimarasfs.org\/en\/wp-content\/uploads\/2018\/04\/team-thumb-03.png 400w, https:\/\/www.aedbimarasfs.org\/en\/wp-content\/uploads\/2018\/04\/team-thumb-03-150x150.png 150w, https:\/\/www.aedbimarasfs.org\/en\/wp-content\/uploads\/2018\/04\/team-thumb-03-300x300.png 300w, https:\/\/www.aedbimarasfs.org\/en\/wp-content\/uploads\/2018\/04\/team-thumb-03-100x100.png 100w\" sizes=\"100vw\" \/><br \/>\n\t\t\t\t\t\t\t\t\t\t<img loading=\"lazy\" decoding=\"async\" width=\"400\" height=\"400\" src=\"http:\/\/www.aedbimarasfs.org\/en\/wp-content\/uploads\/2018\/04\/team-thumb-02.png\" alt=\"Lucien Mwewa\" srcset=\"https:\/\/www.aedbimarasfs.org\/en\/wp-content\/uploads\/2018\/04\/team-thumb-02.png 400w, https:\/\/www.aedbimarasfs.org\/en\/wp-content\/uploads\/2018\/04\/team-thumb-02-150x150.png 150w, https:\/\/www.aedbimarasfs.org\/en\/wp-content\/uploads\/2018\/04\/team-thumb-02-300x300.png 300w, https:\/\/www.aedbimarasfs.org\/en\/wp-content\/uploads\/2018\/04\/team-thumb-02-100x100.png 100w\" sizes=\"100vw\" \/><br \/>\n\t\t\t\t\t\t\t\t\t\t<img loading=\"lazy\" decoding=\"async\" width=\"400\" height=\"400\" src=\"http:\/\/www.aedbimarasfs.org\/en\/wp-content\/uploads\/2018\/04\/team-thumb-04.png\" alt=\"Elie Dyanda (Vice Secretary)\" srcset=\"https:\/\/www.aedbimarasfs.org\/en\/wp-content\/uploads\/2018\/04\/team-thumb-04.png 400w, https:\/\/www.aedbimarasfs.org\/en\/wp-content\/uploads\/2018\/04\/team-thumb-04-150x150.png 150w, https:\/\/www.aedbimarasfs.org\/en\/wp-content\/uploads\/2018\/04\/team-thumb-04-300x300.png 300w, https:\/\/www.aedbimarasfs.org\/en\/wp-content\/uploads\/2018\/04\/team-thumb-04-100x100.png 100w\" sizes=\"100vw\" \/>\t\t\t\t\t\t\t\t\t\t\t<\/p>\n<h3>Notre Equipe<\/h3>\n<p>\t\t\t<a href=\"https:\/\/www.aedbimarasfs.org\/en\/fr\/our-team\/\" role=\"button\"><br \/>\n\t\t\t\t\t\tVoir tous les membres de notre \u00e9quipe<br \/>\n\t\t\t\t\t<\/a><\/p>","protected":false},"excerpt":{"rendered":"<p>Welcome to AEDB-Imara We are a network of Alumni engaged in youth development &#8230; (Nice to meet you!) Who we are What we do Get involved WHAT WE DO EDUCATION Current students of Salesian schools and alumni are encouraged to develop a strong sense of responsibility&#8230; Continue Reading&#8230; AEDB FELLOWSHIP The AEDB-Imara Fellowship offers leadership &hellip; <\/p>\n<p class=\"link-more\"><a href=\"https:\/\/www.aedbimarasfs.org\/en\/fr\/\" class=\"more-link\">Continuer la lecture<span class=\"screen-reader-text\"> de &laquo;&nbsp;Home&nbsp;&raquo;<\/span><\/a><\/p>","protected":false},"author":1,"featured_media":0,"parent":0,"menu_order":0,"comment_status":"closed","ping_status":"closed","template":"elementor_header_footer","meta":{"footnotes":""},"_links":{"self":[{"href":"https:\/\/www.aedbimarasfs.org\/en\/fr\/wp-json\/wp\/v2\/pages\/47"}],"collection":[{"href":"https:\/\/www.aedbimarasfs.org\/en\/fr\/wp-json\/wp\/v2\/pages"}],"about":[{"href":"https:\/\/www.aedbimarasfs.org\/en\/fr\/wp-json\/wp\/v2\/types\/page"}],"author":[{"embeddable":true,"href":"https:\/\/www.aedbimarasfs.org\/en\/fr\/wp-json\/wp\/v2\/users\/1"}],"replies":[{"embeddable":true,"href":"https:\/\/www.aedbimarasfs.org\/en\/fr\/wp-json\/wp\/v2\/comments?post=47"}],"version-history":[{"count":185,"href":"https:\/\/www.aedbimarasfs.org\/en\/fr\/wp-json\/wp\/v2\/pages\/47\/revisions"}],"predecessor-version":[{"id":2185,"href":"https:\/\/www.aedbimarasfs.org\/en\/fr\/wp-json\/wp\/v2\/pages\/47\/revisions\/2185"}],"wp:attachment":[{"href":"https:\/\/www.aedbimarasfs.org\/en\/fr\/wp-json\/wp\/v2\/media?parent=47"}],"curies":[{"name":"wp","href":"https:\/\/api.w.org\/{rel}","templated":true}]}}