{"id":45,"date":"2018-04-11T22:39:32","date_gmt":"2018-04-11T22:39:32","guid":{"rendered":"http:\/\/www.aedbimarasfs.org\/en\/?page_id=45"},"modified":"2018-07-14T15:07:59","modified_gmt":"2018-07-14T15:07:59","slug":"who-we-are","status":"publish","type":"page","link":"https:\/\/www.aedbimarasfs.org\/en\/fr\/who-we-are\/","title":{"rendered":"Qui sommes-nous ?"},"content":{"rendered":"<h2>&#8220;We believe in the power of Youth Leadership&#8230;&#8221;<\/h2>\n<p>\t\t\t<a href=\"https:\/\/www.aedbimarasfs.org\/en\/fr\/what-we-do\/\" role=\"button\"><br \/>\n\t\t\t\t\t\tCe que nous faisons<br \/>\n\t\t\t\t\t<\/a><br \/>\n\t\t\t<a href=\"https:\/\/www.aedbimarasfs.org\/en\/fr\/get-involved\/\" role=\"button\"><br \/>\n\t\t\t\t\t\tS'impliquer<br \/>\n\t\t\t\t\t<\/a><\/p>\n<h2>Mission<\/h2>\n<p>La mission de Don Bosco \u00e9tait claire et simple : \u00eatre l'ami des jeunes pauvres, abandonn\u00e9s ou en danger et, ce faisant, \u00eatre l'ami du Christ. L'AEDB-Imara renforce la lutte de la communaut\u00e9 sal\u00e9sienne locale contre les causes et les effets de la pauvret\u00e9 dans la communaut\u00e9. Pour ce faire, nous engageons les jeunes participants dans des activit\u00e9s de service et de construction communautaire qui les incitent \u00e0 devenir des leaders du changement social tout au long de leur vie, dont le travail d'\u00e9ducation et de service est enracin\u00e9 dans les valeurs sal\u00e9siennes et s'en nourrit.<\/p>\n<h2>Nos Valeurs<\/h2>\n<p>Tout ce que nous faisons est ancr\u00e9 dans une riche relation avec le christianisme - l'\u00e9ducation de jeunes gens qui dirigeront leur communaut\u00e9 et lui rendront la pareille en \u00e9tant de bons chr\u00e9tiens et d'honn\u00eates citoyens. \u00c9DUCATION, FAMILLE ET FOI - DE BONS CHR\u00c9TIENS ET D'HONN\u00caTES CITOYENS.<\/p>\n<h2>Notre Histoire<\/h2>\n<p>Notre longue et fi\u00e8re histoire a commenc\u00e9 le 16 ao\u00fbt 1815 avec la naissance de notre fondateur, Saint Jean \"Don\" Bosco, qui a influenc\u00e9 ses pairs d\u00e8s son enfance. En 1841, il a \u00e9t\u00e9 ordonn\u00e9 pr\u00eatre et, en 1859, il a fond\u00e9 la Soci\u00e9t\u00e9 de Saint-Fran\u00e7ois-de-Sales, plus connue sous le nom de \"Sal\u00e9siens\". Depuis leurs humbles d\u00e9buts, les Sal\u00e9siens se sont toujours concentr\u00e9s sur l'\u00e9ducation des jeunes les plus pauvres et les plus vuln\u00e9rables. Les \u00e9l\u00e8ves se sont sentis aim\u00e9s par Don Bosco, non seulement en tant qu'\u00e9l\u00e8ves, mais aussi en tant que fils, et ont donc ressenti le besoin de retourner dans la maison de leur p\u00e8re. A Turin, les anciens \u00e9l\u00e8ves, Reviglio et Gastini, ce dernier devenant le premier pr\u00e9sident, organis\u00e8rent une manifestation d'affection et de reconnaissance envers Don Bosco \u00e0 l'occasion de sa f\u00eate, le 24 juin 1870.<\/p>\n<p>The Association of Alumni Students of Saint Fran\u00e7ois de Sales High School in the Republic of Zaire marked its first steps towards the 1970s with the preparations for the sixtieth anniversary of the School, anniversary celebrated in 1972. At that time, the Union had created a bar at the school where the members met every Saturday evening. This momentum was slowed down towards the year 1985 to disappear almost completely. In the year 2000, under the impetus of a Committee composed mainly of young people, the Union resurrected and continues to this day.<\/p>\n<p>Les Sal\u00e9siens en R\u00e9publique D\u00e9mocratique du Congo, c'est un si\u00e8cle de r\u00e9ponse aux jeunes dans le besoin... Et l'Association \"AEDB - Imara\" d'aujourd'hui a inspir\u00e9 les jeunes leaders des anciens \u00e9l\u00e8ves \u00e0 s'engager dans une vie de changement social, en promouvant une vision de la vie sal\u00e9sienne enracin\u00e9e dans l'\u00e9ducation et le service, et en engageant la communaut\u00e9 plus large de l'AEDB dans certains des probl\u00e8mes les plus urgents auxquels notre pays est confront\u00e9 au niveau local et national.<\/p>\n<p>\u00a0<\/p>\n<h2>EMPLOIS<\/h2>\n<p>Equipe <strong>AEDB Imara<\/strong> est \u00e0 l'image de notre r\u00e9seau : diversifi\u00e9, solidaire et engag\u00e9 dans l'autonomisation des jeunes. Vous souhaitez nous rejoindre ? Cliquez sur le bouton rouge et voyez si nous avons l'opportunit\u00e9 qui vous convient.<\/p>\n<p>\t\t\t<a href=\"https:\/\/www.aedbimarasfs.org\/en\/fr\/jobs\/\" role=\"button\"><br \/>\n\t\t\t\t\t\tVoir la liste<br \/>\n\t\t\t\t\t<\/a><\/p>","protected":false},"excerpt":{"rendered":"<p>&#8220;We believe in the power of Youth Leadership&#8230;&#8221; What we do Get involved Mission Don Bosco\u2019s mission was clear and simple: to be a friend to young people who were poor, abandoned or at risk, and in so doing to be a friend to Christ. AEDB-Imara strengthens the local Salesian community\u2019s fight against the causes &hellip; <\/p>\n<p class=\"link-more\"><a href=\"https:\/\/www.aedbimarasfs.org\/en\/fr\/who-we-are\/\" class=\"more-link\">Continuer la lecture<span class=\"screen-reader-text\"> de &laquo;&nbsp;Who we are&nbsp;&raquo;<\/span><\/a><\/p>","protected":false},"author":1,"featured_media":0,"parent":0,"menu_order":0,"comment_status":"closed","ping_status":"closed","template":"elementor_header_footer","meta":{"footnotes":""},"_links":{"self":[{"href":"https:\/\/www.aedbimarasfs.org\/en\/fr\/wp-json\/wp\/v2\/pages\/45"}],"collection":[{"href":"https:\/\/www.aedbimarasfs.org\/en\/fr\/wp-json\/wp\/v2\/pages"}],"about":[{"href":"https:\/\/www.aedbimarasfs.org\/en\/fr\/wp-json\/wp\/v2\/types\/page"}],"author":[{"embeddable":true,"href":"https:\/\/www.aedbimarasfs.org\/en\/fr\/wp-json\/wp\/v2\/users\/1"}],"replies":[{"embeddable":true,"href":"https:\/\/www.aedbimarasfs.org\/en\/fr\/wp-json\/wp\/v2\/comments?post=45"}],"version-history":[{"count":77,"href":"https:\/\/www.aedbimarasfs.org\/en\/fr\/wp-json\/wp\/v2\/pages\/45\/revisions"}],"predecessor-version":[{"id":2097,"href":"https:\/\/www.aedbimarasfs.org\/en\/fr\/wp-json\/wp\/v2\/pages\/45\/revisions\/2097"}],"wp:attachment":[{"href":"https:\/\/www.aedbimarasfs.org\/en\/fr\/wp-json\/wp\/v2\/media?parent=45"}],"curies":[{"name":"wp","href":"https:\/\/api.w.org\/{rel}","templated":true}]}}