{"id":43,"date":"2018-04-11T22:38:53","date_gmt":"2018-04-11T22:38:53","guid":{"rendered":"http:\/\/www.aedbimarasfs.org\/en\/?page_id=43"},"modified":"2018-07-14T15:28:14","modified_gmt":"2018-07-14T15:28:14","slug":"what-we-do","status":"publish","type":"page","link":"https:\/\/www.aedbimarasfs.org\/en\/fr\/what-we-do\/","title":{"rendered":"Ce que nous faisons"},"content":{"rendered":"<h1>&#8220;Our Future leaders&#8230;&#8221;<\/h1>\n<p>\t\t\t<a href=\"https:\/\/www.aedbimarasfs.org\/en\/fr\/who-we-are\/\" role=\"button\"><br \/>\n\t\t\t\t\t\tQui sommes-nous ?<br \/>\n\t\t\t\t\t<\/a><br \/>\n\t\t\t<a href=\"https:\/\/www.aedbimarasfs.org\/en\/fr\/get-involved\/\" role=\"button\"><br \/>\n\t\t\t\t\t\tS'impliquer<br \/>\n\t\t\t\t\t<\/a><\/p>\n<h2>Ce que nous faisons<\/h2>\n<p>\t\t\t\t\t\t\t\t\t\t<img loading=\"lazy\" decoding=\"async\" width=\"525\" height=\"350\" src=\"http:\/\/www.aedbimarasfs.org\/en\/wp-content\/uploads\/2018\/05\/home-education-thumb-2-1024x683.jpg\" alt=\"Education\" srcset=\"http:\/\/www.aedbimarasfs.org\/en\/wp-content\/uploads\/2018\/05\/home-education-thumb-2-1024x683.jpg 1024w, http:\/\/www.aedbimarasfs.org\/en\/wp-content\/uploads\/2018\/05\/home-education-thumb-2-300x200.jpg 300w, http:\/\/www.aedbimarasfs.org\/en\/wp-content\/uploads\/2018\/05\/home-education-thumb-2-768x512.jpg 768w, http:\/\/www.aedbimarasfs.org\/en\/wp-content\/uploads\/2018\/05\/home-education-thumb-2.jpg 1200w\" sizes=\"100vw\" \/>\t\t\t\t\t\t\t\t\t\t\t<\/p>\n<h2>Education<\/h2>\n<p style=\"text-align: left;\">Current students of Salesian schools and Alumni are encouraged to develop a strong sense of responsibility&#8230;<\/p>\n<p>\t\t\t<a href=\"https:\/\/www.aedbimarasfs.org\/en\/fr\/education\/\" role=\"button\"><br \/>\n\t\t\t\t\t\tContinue Reading&#8230;<br \/>\n\t\t\t\t\t<\/a><\/p>\n<h2>Bourse AEDB<\/h2>\n<p style=\"text-align: right;\">Les <strong>AEDB-Imara<\/strong> Fellowship offers leadership development, Entrepreneurship &amp; life skills learning&#8230;<\/p>\n<p>\t\t\t<a href=\"https:\/\/www.aedbimarasfs.org\/en\/fr\/fellowship\/\" role=\"button\"><br \/>\n\t\t\t\t\t\tContinue Reading&#8230;<br \/>\n\t\t\t\t\t<\/a><br \/>\n\t\t\t\t\t\t\t\t\t\t<img loading=\"lazy\" decoding=\"async\" width=\"525\" height=\"350\" src=\"http:\/\/www.aedbimarasfs.org\/en\/wp-content\/uploads\/2018\/05\/life-skills-1024x683.jpg\" alt=\"Life Skills\" srcset=\"http:\/\/www.aedbimarasfs.org\/en\/wp-content\/uploads\/2018\/05\/life-skills-1024x683.jpg 1024w, http:\/\/www.aedbimarasfs.org\/en\/wp-content\/uploads\/2018\/05\/life-skills-300x200.jpg 300w, http:\/\/www.aedbimarasfs.org\/en\/wp-content\/uploads\/2018\/05\/life-skills-768x512.jpg 768w, http:\/\/www.aedbimarasfs.org\/en\/wp-content\/uploads\/2018\/05\/life-skills.jpg 1200w\" sizes=\"100vw\" \/><br \/>\n\t\t\t\t\t\t\t\t\t\t<img loading=\"lazy\" decoding=\"async\" width=\"525\" height=\"394\" src=\"http:\/\/www.aedbimarasfs.org\/en\/wp-content\/uploads\/2018\/04\/Community-Engagement-thumb.jpg\" alt=\"\" srcset=\"http:\/\/www.aedbimarasfs.org\/en\/wp-content\/uploads\/2018\/04\/Community-Engagement-thumb.jpg 800w, http:\/\/www.aedbimarasfs.org\/en\/wp-content\/uploads\/2018\/04\/Community-Engagement-thumb-300x225.jpg 300w, http:\/\/www.aedbimarasfs.org\/en\/wp-content\/uploads\/2018\/04\/Community-Engagement-thumb-768x576.jpg 768w\" sizes=\"100vw\" \/>\t\t\t\t\t\t\t\t\t\t\t<\/p>\n<h2>Engagement communautaire<\/h2>\n<p style=\"text-align: left;\">Nous travaillons avec les communaut\u00e9s locales pour approfondir leur approche du changement social et \u00e9conomique, et pour comprendre et...<\/p>\n<p>\t\t\t<a href=\"https:\/\/www.aedbimarasfs.org\/en\/fr\/community-engagement\/\" role=\"button\"><br \/>\n\t\t\t\t\t\tContinue Reading&#8230;<br \/>\n\t\t\t\t\t<\/a><\/p>\n<h2>R\u00e9seau des anciens<\/h2>\n<p style=\"text-align: right;\">\u00cates-vous pr\u00eat \u00e0 retrousser vos manches, \u00e0 cr\u00e9er une communaut\u00e9 et \u00e0 vous atteler \u00e0 la cr\u00e9ation d'un syndicat plus int\u00e9gr\u00e9 ? Vous \u00eates au bon endroit.<\/p>\n<p>\t\t\t<a href=\"https:\/\/www.aedbimarasfs.org\/en\/fr\/alumni-network\/\" role=\"button\"><br \/>\n\t\t\t\t\t\tContinue Reading&#8230;<br \/>\n\t\t\t\t\t<\/a><br \/>\n\t\t\t\t\t\t\t\t\t\t<img loading=\"lazy\" decoding=\"async\" width=\"525\" height=\"394\" src=\"http:\/\/www.aedbimarasfs.org\/en\/wp-content\/uploads\/2018\/04\/Alumni-Network-thumb.jpg\" alt=\"Alumni Network\" srcset=\"http:\/\/www.aedbimarasfs.org\/en\/wp-content\/uploads\/2018\/04\/Alumni-Network-thumb.jpg 800w, http:\/\/www.aedbimarasfs.org\/en\/wp-content\/uploads\/2018\/04\/Alumni-Network-thumb-300x225.jpg 300w, http:\/\/www.aedbimarasfs.org\/en\/wp-content\/uploads\/2018\/04\/Alumni-Network-thumb-768x576.jpg 768w\" sizes=\"100vw\" \/>\t\t\t\t\t\t\t\t\t\t\t<\/p>\n<h2>Vendeurs<\/h2>\n<p style=\"text-align: center;\"><strong>AEDB-Imara<\/strong> acknowledges the right of all potential suppliers of services (all AEDB Alumni &#038; Imara teachers ONLY) to register as approved vendors on our vendor database. Feel free to view our vendor listing or simply register as a vendor.\n<\/p>\n<p>\t\t\t<a href=\"https:\/\/www.aedbimarasfs.org\/en\/fr\/services\/\" role=\"button\"><br \/>\n\t\t\t\t\t\tVoir la liste des vendeurs<br \/>\n\t\t\t\t\t<\/a><\/p>","protected":false},"excerpt":{"rendered":"<p>&#8220;Our Future leaders&#8230;&#8221; Who we are Get involved What we do Education Current students of Salesian schools and Alumni are encouraged to develop a strong sense of responsibility&#8230; Continue Reading&#8230; AEDB Fellowship The AEDB-Imara Fellowship offers leadership development, Entrepreneurship &amp; life skills learning&#8230; Continue Reading&#8230; Community Engagement We work with local communities to deepen their &hellip; <\/p>\n<p class=\"link-more\"><a href=\"https:\/\/www.aedbimarasfs.org\/en\/fr\/what-we-do\/\" class=\"more-link\">Continuer la lecture<span class=\"screen-reader-text\"> de &laquo;&nbsp;What we do&nbsp;&raquo;<\/span><\/a><\/p>","protected":false},"author":1,"featured_media":0,"parent":0,"menu_order":0,"comment_status":"closed","ping_status":"closed","template":"elementor_header_footer","meta":{"footnotes":""},"_links":{"self":[{"href":"https:\/\/www.aedbimarasfs.org\/en\/fr\/wp-json\/wp\/v2\/pages\/43"}],"collection":[{"href":"https:\/\/www.aedbimarasfs.org\/en\/fr\/wp-json\/wp\/v2\/pages"}],"about":[{"href":"https:\/\/www.aedbimarasfs.org\/en\/fr\/wp-json\/wp\/v2\/types\/page"}],"author":[{"embeddable":true,"href":"https:\/\/www.aedbimarasfs.org\/en\/fr\/wp-json\/wp\/v2\/users\/1"}],"replies":[{"embeddable":true,"href":"https:\/\/www.aedbimarasfs.org\/en\/fr\/wp-json\/wp\/v2\/comments?post=43"}],"version-history":[{"count":58,"href":"https:\/\/www.aedbimarasfs.org\/en\/fr\/wp-json\/wp\/v2\/pages\/43\/revisions"}],"predecessor-version":[{"id":2107,"href":"https:\/\/www.aedbimarasfs.org\/en\/fr\/wp-json\/wp\/v2\/pages\/43\/revisions\/2107"}],"wp:attachment":[{"href":"https:\/\/www.aedbimarasfs.org\/en\/fr\/wp-json\/wp\/v2\/media?parent=43"}],"curies":[{"name":"wp","href":"https:\/\/api.w.org\/{rel}","templated":true}]}}