{"id":41,"date":"2018-04-11T22:38:34","date_gmt":"2018-04-11T22:38:34","guid":{"rendered":"http:\/\/www.aedbimarasfs.org\/en\/?page_id=41"},"modified":"2018-07-17T17:07:30","modified_gmt":"2018-07-17T17:07:30","slug":"get-involved","status":"publish","type":"page","link":"https:\/\/www.aedbimarasfs.org\/en\/fr\/get-involved\/","title":{"rendered":"S'Impliquer"},"content":{"rendered":"<p><img loading=\"lazy\" decoding=\"async\" width=\"525\" height=\"394\" src=\"http:\/\/www.aedbimarasfs.org\/en\/wp-content\/uploads\/2018\/04\/donate-thumb.jpg\" alt=\"Please donate\" srcset=\"http:\/\/www.aedbimarasfs.org\/en\/wp-content\/uploads\/2018\/04\/donate-thumb.jpg 800w, http:\/\/www.aedbimarasfs.org\/en\/wp-content\/uploads\/2018\/04\/donate-thumb-300x225.jpg 300w, http:\/\/www.aedbimarasfs.org\/en\/wp-content\/uploads\/2018\/04\/donate-thumb-768x576.jpg 768w\" sizes=\"100vw\" \/>\t\t\t\t\t\t\t\t\t\t\t<\/p>\n<h2>Soutenir l'AEDB Imara<\/h2>\n<p style=\"text-align: left;\">Nous nous sommes engag\u00e9s \u00e0 d\u00e9velopper ce r\u00e9seau audacieux et magnifique d'entrepreneurs et de leaders de l'AEDB pour le changement social et \u00e9conomique, et nous y parvenons gr\u00e2ce au soutien d'innombrables parties prenantes telles que vous. <\/p>\n<p style=\"text-align: left;\">Regardez tous ces visages souriants - ne vous joindrez-vous pas \u00e0 nous pour les aider \u00e0 trouver leur place dans une communaut\u00e9 ancr\u00e9e dans le service ?<\/p>\n<p>\t\t\t<a href=\"https:\/\/www.aedbimarasfs.org\/en\/fr\/donate\/\" role=\"button\"><br \/>\n\t\t\t\t\t\tFaites un don aujourd'hui !<br \/>\n\t\t\t\t\t<\/a><\/p>\n<h2>Le b\u00e9n\u00e9volat<\/h2>\n<p style=\"text-align: left;\">The AEDB Imara Association has a variety of volunteer opportunities. Whether you would like to help with special events or join a Committee, there is something for everyone!<\/p>\n<p style=\"text-align: left;\">Contactez notre bureau d\u00e8s aujourd'hui et demandez comment vous pouvez vous impliquer !<\/p>\n<p style=\"text-align: left;\"><strong>Nous contacter<\/strong><br \/> \u00a0<a href=\"tel:  243824507351\">+243 82 450 7351<\/a><br \/> <a href=\"tel: 243998808700\">+243 99 880 8700<\/a><br \/> <a href=\"mailto:info@aedbimarasfs.org\">info@aedbimarasfs.org<\/a><\/p>\n<p>\t\t\t<a href=\"https:\/\/www.aedbimarasfs.org\/en\/fr\/volunteer\/\" role=\"button\"><br \/>\n\t\t\t\t\t\tParticiper<br \/>\n\t\t\t\t\t<\/a><br \/>\n\t\t\t\t\t\t\t\t\t\t<img loading=\"lazy\" decoding=\"async\" width=\"525\" height=\"394\" src=\"http:\/\/www.aedbimarasfs.org\/en\/wp-content\/uploads\/2018\/04\/volunteering-thumb-1.jpg\" alt=\"Volunteer Work\" srcset=\"http:\/\/www.aedbimarasfs.org\/en\/wp-content\/uploads\/2018\/04\/volunteering-thumb-1.jpg 800w, http:\/\/www.aedbimarasfs.org\/en\/wp-content\/uploads\/2018\/04\/volunteering-thumb-1-300x225.jpg 300w, http:\/\/www.aedbimarasfs.org\/en\/wp-content\/uploads\/2018\/04\/volunteering-thumb-1-768x576.jpg 768w\" sizes=\"100vw\" \/><br \/>\n\t\t\t\t\t\t\t\t\t\t<img loading=\"lazy\" decoding=\"async\" width=\"525\" height=\"394\" src=\"http:\/\/www.aedbimarasfs.org\/en\/wp-content\/uploads\/2018\/04\/events-thumb.jpg\" alt=\"\" srcset=\"http:\/\/www.aedbimarasfs.org\/en\/wp-content\/uploads\/2018\/04\/events-thumb.jpg 800w, http:\/\/www.aedbimarasfs.org\/en\/wp-content\/uploads\/2018\/04\/events-thumb-300x225.jpg 300w, http:\/\/www.aedbimarasfs.org\/en\/wp-content\/uploads\/2018\/04\/events-thumb-768x576.jpg 768w\" sizes=\"100vw\" \/>\t\t\t\t\t\t\t\t\t\t\t<\/p>\n<h2>Ev\u00e8nements<\/h2>\n<p style=\"text-align: left;\">Nous cr\u00e9ons des espaces pour le b\u00e9n\u00e9volat dans le cadre de projets scolaires ou pour l'apprentissage et la prise en compte de questions sociales et \u00e9conomiques au niveau local, en partenariat avec diverses organisations. Jetez un coup d'\u0153il \u00e0 notre calendrier annuel d'\u00e9v\u00e9nements et revenez bient\u00f4t - il y en aura d'autres.<\/p>\n<p>\t\t\t<a href=\"https:\/\/www.aedbimarasfs.org\/en\/fr\/events\/\" role=\"button\"><br \/>\n\t\t\t\t\t\tRejoignez-Nous<br \/>\n\t\t\t\t\t<\/a><\/p>","protected":false},"excerpt":{"rendered":"<p>Support AEDB We\u2019re committed to growing this bold and beautiful network of AEDB entrepreneurs and leaders for social and economic change, and we do that through the support of countless stakeholders like you. Look at all of those smiling faces \u2013 won\u2019t you join us to help them find their place in a community rooted &hellip; <\/p>\n<p class=\"link-more\"><a href=\"https:\/\/www.aedbimarasfs.org\/en\/fr\/get-involved\/\" class=\"more-link\">Continuer la lecture<span class=\"screen-reader-text\"> de &laquo;&nbsp;Get Involved&nbsp;&raquo;<\/span><\/a><\/p>","protected":false},"author":1,"featured_media":0,"parent":0,"menu_order":0,"comment_status":"closed","ping_status":"closed","template":"elementor_header_footer","meta":{"footnotes":""},"_links":{"self":[{"href":"https:\/\/www.aedbimarasfs.org\/en\/fr\/wp-json\/wp\/v2\/pages\/41"}],"collection":[{"href":"https:\/\/www.aedbimarasfs.org\/en\/fr\/wp-json\/wp\/v2\/pages"}],"about":[{"href":"https:\/\/www.aedbimarasfs.org\/en\/fr\/wp-json\/wp\/v2\/types\/page"}],"author":[{"embeddable":true,"href":"https:\/\/www.aedbimarasfs.org\/en\/fr\/wp-json\/wp\/v2\/users\/1"}],"replies":[{"embeddable":true,"href":"https:\/\/www.aedbimarasfs.org\/en\/fr\/wp-json\/wp\/v2\/comments?post=41"}],"version-history":[{"count":66,"href":"https:\/\/www.aedbimarasfs.org\/en\/fr\/wp-json\/wp\/v2\/pages\/41\/revisions"}],"predecessor-version":[{"id":2155,"href":"https:\/\/www.aedbimarasfs.org\/en\/fr\/wp-json\/wp\/v2\/pages\/41\/revisions\/2155"}],"wp:attachment":[{"href":"https:\/\/www.aedbimarasfs.org\/en\/fr\/wp-json\/wp\/v2\/media?parent=41"}],"curies":[{"name":"wp","href":"https:\/\/api.w.org\/{rel}","templated":true}]}}