{"id":33,"date":"2018-04-11T22:37:14","date_gmt":"2018-04-11T22:37:14","guid":{"rendered":"http:\/\/www.aedbimarasfs.org\/en\/?page_id=33"},"modified":"2018-07-14T15:20:35","modified_gmt":"2018-07-14T15:20:35","slug":"our-story","status":"publish","type":"page","link":"https:\/\/www.aedbimarasfs.org\/en\/fr\/our-story\/","title":{"rendered":"Notre Histoire"},"content":{"rendered":"<p><img decoding=\"async\" src=\"http:\/\/www.aedbimarasfs.org\/en\/wp-content\/uploads\/elementor\/thumbs\/AEDB-Logo-nol70y8wpcaq333w5exeuoqi4ro2s8taxbwbtv01cg.png\" title=\"AEDB Logo\" alt=\"AEDB Logo\" \/>\t\t\t\t\t\t\t\t\t\t\t<\/p>\n<p><strong>AEDB &#8211; Imara<\/strong><br \/>Des citoyens honn\u00eates et de bons chr\u00e9tiens<\/p>\n<p><strong>+243 82 450 7351<\/strong><br \/><strong>+243 99 880 8700<\/strong><br \/><a href=\"mailto:info@aedbimarasfs.org\">info@aedbimarasfs.org<\/a><\/p>\n<p>\t\t\t\t\t\t\t<a href=\"https:\/\/www.facebook.com\/aedbimaraofficiel\/\" target=\"_blank\"><br \/>\n\t\t\t\t\tFacebook<br \/>\n\t\t\t\t<\/a><br \/>\n\t\t\t\t\t\t\t<a href=\"\" target=\"_blank\"><br \/>\n\t\t\t\t\tTwitter<br \/>\n\t\t\t\t<\/a><br \/>\n\t\t\t\t\t\t\t<a href=\"\" target=\"_blank\"><br \/>\n\t\t\t\t\tLinkedin<br \/>\n\t\t\t\t<\/a><br \/>\n\t\t\t\t\t\t\t<a href=\"\" target=\"_blank\"><br \/>\n\t\t\t\t\tInstagram<br \/>\n\t\t\t\t<\/a><br \/>\n\t\t\t<a href=\"https:\/\/www.aedbimarasfs.org\/en\/fr\/alumni-network\/\" role=\"button\"><br \/>\n\t\t\t\t\t\tAppliquer<br \/>\n\t\t\t\t\t<\/a><br \/>\n\t\t\t<a href=\"https:\/\/www.aedbimarasfs.org\/en\/fr\/donate\/\" role=\"button\"><br \/>\n\t\t\t\t\t\tDon<br \/>\n\t\t\t\t\t<\/a><br \/>\n\t\t\t<a href=\"https:\/\/www.aedbimarasfs.org\/en\/fr\/services\/\" role=\"button\"><br \/>\n\t\t\t\t\t\tServices<br \/>\n\t\t\t\t\t<\/a><\/p>\n<h2>&#8220;We believe in the power of youth leadership as a force for social change&#8230;&#8221;<\/h2>\n<p>\t\t\t<a href=\"https:\/\/www.aedbimarasfs.org\/en\/fr\/what-we-do\/\" role=\"button\"><br \/>\n\t\t\t\t\t\tCe que nous faisons<br \/>\n\t\t\t\t\t<\/a><br \/>\n\t\t\t<a href=\"https:\/\/www.aedbimarasfs.org\/en\/fr\/get-involved\/\" role=\"button\"><br \/>\n\t\t\t\t\t\tS'impliquer<br \/>\n\t\t\t\t\t<\/a><\/p>\n<h2>Notre Histoire<\/h2>\n<p>Notre longue et fi\u00e8re histoire a commenc\u00e9 le 16 ao\u00fbt 1815 avec la naissance de notre fondateur, Saint Jean \"Don\" Bosco, qui a influenc\u00e9 ses pairs d\u00e8s son enfance. En 1841, il a \u00e9t\u00e9 ordonn\u00e9 pr\u00eatre et, en 1859, il a fond\u00e9 la Soci\u00e9t\u00e9 de Saint-Fran\u00e7ois-de-Sales, plus connue sous le nom de \"Sal\u00e9siens\". Depuis leurs humbles d\u00e9buts, les Sal\u00e9siens se sont toujours concentr\u00e9s sur l'\u00e9ducation des jeunes les plus pauvres et les plus vuln\u00e9rables. Les \u00e9l\u00e8ves se sont sentis aim\u00e9s par Don Bosco, non seulement en tant qu'\u00e9l\u00e8ves, mais aussi en tant que fils, et ont donc ressenti le besoin de retourner dans la maison de leur p\u00e8re. A Turin, les anciens \u00e9l\u00e8ves, Reviglio et Gastini, ce dernier devenant le premier pr\u00e9sident, organis\u00e8rent une manifestation d'affection et de reconnaissance envers Don Bosco \u00e0 l'occasion de sa f\u00eate, le 24 juin 1870.<\/p>\n<p>The Association of Alumni Students of Saint Fran\u00e7ois de Sales High School in the Republic of Zaire marked its first steps towards the 1970s with the preparations for the sixtieth anniversary of the School, anniversary celebrated in 1972. At that time, the Union had created a bar at the school where the members met every Saturday evening. This momentum was slowed down towards the year 1985 to disappear almost completely. In the year 2000, under the impetus of a Committee composed mainly of young people, the Union resurrected and continues to this day.<\/p>\n<p>Les Sal\u00e9siens en R\u00e9publique D\u00e9mocratique du Congo, c'est un si\u00e8cle de r\u00e9ponse aux jeunes dans le besoin... Et l'Association \"AEDB - Imara\" d'aujourd'hui a inspir\u00e9 les jeunes leaders des anciens \u00e9l\u00e8ves \u00e0 s'engager dans une vie de changement social, en promouvant une vision de la vie sal\u00e9sienne enracin\u00e9e dans l'\u00e9ducation et le service, et en engageant la communaut\u00e9 plus large de l'AEDB dans certains des probl\u00e8mes les plus urgents auxquels notre pays est confront\u00e9 au niveau local et national.<\/p>\n<p>\t\t\t\t\t\t\t\t\t\t<img loading=\"lazy\" decoding=\"async\" width=\"150\" height=\"150\" src=\"http:\/\/www.aedbimarasfs.org\/en\/wp-content\/uploads\/2018\/04\/AEDB-Logo-150x150.png\" alt=\"AEDB Logo\" srcset=\"http:\/\/www.aedbimarasfs.org\/en\/wp-content\/uploads\/2018\/04\/AEDB-Logo-150x150.png 150w, http:\/\/www.aedbimarasfs.org\/en\/wp-content\/uploads\/2018\/04\/AEDB-Logo-300x300.png 300w, http:\/\/www.aedbimarasfs.org\/en\/wp-content\/uploads\/2018\/04\/AEDB-Logo-768x768.png 768w, http:\/\/www.aedbimarasfs.org\/en\/wp-content\/uploads\/2018\/04\/AEDB-Logo-100x100.png 100w, http:\/\/www.aedbimarasfs.org\/en\/wp-content\/uploads\/2018\/04\/AEDB-Logo.png 827w\" sizes=\"100vw\" \/>\t\t\t\t\t\t\t\t\t\t\t<\/p>\n<p><strong>Adresse<\/strong><br \/>Local RP Oscar KILUFYA Coll\u00e8ge Imara Saint Fran\u00e7ois de Sales, Avenue Maman YEMO N\u00b0 1575, Lubumbashi, R\u00e9publique D\u00e9mocratique du Congo<\/p>\n<p><strong>Nous contacter<\/strong><a href=\"tel:  243824507351\"><br \/>+243 82 450 7351<\/a><br \/><a href=\"tel: 243998808700\"> +243 99 880 8700<\/a><br \/> <a href=\"mailto:info@aedbimarasfs.org\">info@aedbimarasfs.org<\/a><\/p>\n<p>\t\t\t\t\t\t\t<a href=\"https:\/\/www.facebook.com\/aedbimaraofficiel\/\" target=\"_blank\"><br \/>\n\t\t\t\t\tFacebook<br \/>\n\t\t\t\t<\/a><br \/>\n\t\t\t\t\t\t\t<a href=\"\" target=\"_blank\"><br \/>\n\t\t\t\t\tTwitter<br \/>\n\t\t\t\t<\/a><br \/>\n\t\t\t\t\t\t\t<a href=\"\" target=\"_blank\"><br \/>\n\t\t\t\t\tLinkedin<br \/>\n\t\t\t\t<\/a><br \/>\n\t\t\t\t\t\t\t<a href=\"\" target=\"_blank\"><br \/>\n\t\t\t\t\tInstagram<br \/>\n\t\t\t\t<\/a><br \/>\n\t\t<strong>Liens rapides<br \/>\n<\/strong><\/p>\n<ul style=\"margin-top:0!important; margin-left: 20px;\">\n<li><a href=\"https:\/\/www.aedbimarasfs.org\/en\/fr\/\">Accueil<\/a><\/li>\n<li><a href=\"https:\/\/www.aedbimarasfs.org\/en\/fr\/who-we-are\/\">Qui sommes-nous ?<\/a><\/li>\n<li><a href=\"https:\/\/www.aedbimarasfs.org\/en\/fr\/what-we-do\/\">Ce que nous faisons<\/a><\/li>\n<li><a href=\"https:\/\/www.aedbimarasfs.org\/en\/fr\/get-involved\/\">S'impliquer<\/a><\/li>\n<li><a style=\"color: #00ccff;\" href=\"https:\/\/www.aedbimarasfs.org\/en\/fr\/contact\/\">Nous contacter<\/a><\/li>\n<\/ul>\n<p>\t\t\t<a href=\"https:\/\/www.aedbimarasfs.org\/en\/fr\/alumni-network\/\" role=\"button\"><br \/>\n\t\t\t\t\t\tAppliquer<br \/>\n\t\t\t\t\t<\/a><br \/>\n\t\t\t<a href=\"https:\/\/www.aedbimarasfs.org\/en\/fr\/donate\/\" role=\"button\"><br \/>\n\t\t\t\t\t\tDon<br \/>\n\t\t\t\t\t<\/a><br \/>\n\t\t\t<a href=\"https:\/\/www.aedbimarasfs.org\/en\/fr\/services\/\" role=\"button\"><br \/>\n\t\t\t\t\t\tServices<br \/>\n\t\t\t\t\t<\/a><\/p>\n<p>Copyright \u00a9 2018 AEDB. All Rights Reserved<\/p>","protected":false},"excerpt":{"rendered":"<p>AEDB &#8211; ImaraHonest citizens and good Christians +243 82 450 7351+243 99 880 8700info@aedbimarasfs.org Facebook Twitter Linkedin Instagram Apply Donate Services &#8220;We believe in the power of youth leadership as a force for social change&#8230;&#8221; What we do Get involved Our Story Our long and proud history began on August 16, 1815 with the birth &hellip; <\/p>\n<p class=\"link-more\"><a href=\"https:\/\/www.aedbimarasfs.org\/en\/fr\/our-story\/\" class=\"more-link\">Continuer la lecture<span class=\"screen-reader-text\"> de &laquo;&nbsp;Our Story&nbsp;&raquo;<\/span><\/a><\/p>","protected":false},"author":1,"featured_media":0,"parent":0,"menu_order":0,"comment_status":"closed","ping_status":"closed","template":"elementor_canvas","meta":{"footnotes":""},"_links":{"self":[{"href":"https:\/\/www.aedbimarasfs.org\/en\/fr\/wp-json\/wp\/v2\/pages\/33"}],"collection":[{"href":"https:\/\/www.aedbimarasfs.org\/en\/fr\/wp-json\/wp\/v2\/pages"}],"about":[{"href":"https:\/\/www.aedbimarasfs.org\/en\/fr\/wp-json\/wp\/v2\/types\/page"}],"author":[{"embeddable":true,"href":"https:\/\/www.aedbimarasfs.org\/en\/fr\/wp-json\/wp\/v2\/users\/1"}],"replies":[{"embeddable":true,"href":"https:\/\/www.aedbimarasfs.org\/en\/fr\/wp-json\/wp\/v2\/comments?post=33"}],"version-history":[{"count":19,"href":"https:\/\/www.aedbimarasfs.org\/en\/fr\/wp-json\/wp\/v2\/pages\/33\/revisions"}],"predecessor-version":[{"id":2101,"href":"https:\/\/www.aedbimarasfs.org\/en\/fr\/wp-json\/wp\/v2\/pages\/33\/revisions\/2101"}],"wp:attachment":[{"href":"https:\/\/www.aedbimarasfs.org\/en\/fr\/wp-json\/wp\/v2\/media?parent=33"}],"curies":[{"name":"wp","href":"https:\/\/api.w.org\/{rel}","templated":true}]}}