{"id":29,"date":"2018-04-11T22:36:27","date_gmt":"2018-04-11T22:36:27","guid":{"rendered":"http:\/\/www.aedbimarasfs.org\/en\/?page_id=29"},"modified":"2018-07-14T14:43:57","modified_gmt":"2018-07-14T14:43:57","slug":"support-aedb","status":"publish","type":"page","link":"https:\/\/www.aedbimarasfs.org\/en\/fr\/support-aedb\/","title":{"rendered":"Soutenir l'AEDB Imara"},"content":{"rendered":"<h2>Soutenir l'AEDB Imara<\/h2>\n<p>Souhaitez-vous faire une diff\u00e9rence dans notre communaut\u00e9 ?<\/p>\n<p>\t\t\t<a href=\"https:\/\/www.aedbimarasfs.org\/en\/fr\/who-we-are\/\" role=\"button\"><br \/>\n\t\t\t\t\t\tQui sommes-nous ?<br \/>\n\t\t\t\t\t<\/a><br \/>\n\t\t\t<a href=\"https:\/\/www.aedbimarasfs.org\/en\/fr\/what-we-do\/\" role=\"button\"><br \/>\n\t\t\t\t\t\tCe que nous faisons<br \/>\n\t\t\t\t\t<\/a><br \/>\n\t\t\t\t\t\t\t\t\t\t<img loading=\"lazy\" decoding=\"async\" width=\"525\" height=\"394\" src=\"http:\/\/www.aedbimarasfs.org\/en\/wp-content\/uploads\/2018\/05\/Donation-needed.jpg\" alt=\"Donation needed\" srcset=\"http:\/\/www.aedbimarasfs.org\/en\/wp-content\/uploads\/2018\/05\/Donation-needed.jpg 800w, http:\/\/www.aedbimarasfs.org\/en\/wp-content\/uploads\/2018\/05\/Donation-needed-300x225.jpg 300w, http:\/\/www.aedbimarasfs.org\/en\/wp-content\/uploads\/2018\/05\/Donation-needed-768x576.jpg 768w\" sizes=\"100vw\" \/>\t\t\t\t\t\t\t\t\t\t\t<\/p>\n<h2>Faire un DON<\/h2>\n<p><strong>AEDB Imara<\/strong> vous permet de donner facilement et en toute s\u00e9curit\u00e9 \u00e0 des projets locaux, o\u00f9 que vous soyez dans le monde. Les dons vont de 50 $ \u00e0 1 000 $.<\/p>\n<p>\t\t\t<a href=\"https:\/\/www.aedbimarasfs.org\/en\/fr\/donate\/\" role=\"button\"><br \/>\n\t\t\t\t\t\tFaites un don aujourd'hui !<br \/>\n\t\t\t\t\t<\/a><\/p>\n<h2>Demander un service<\/h2>\n<p style=\"text-align: left;\">Tout le monde peut d\u00e9sormais demander l'un des services que nous proposons au public, des salons de beaut\u00e9 aux \u00e9lectriciens, en passant par les locations de voitures, les propri\u00e9t\u00e9s et bien d'autres choses encore.<\/p>\n<p>\t\t\t<a href=\"https:\/\/www.aedbimarasfs.org\/en\/fr\/services\/\" role=\"button\"><br \/>\n\t\t\t\t\t\tDemander un service<br \/>\n\t\t\t\t\t<\/a><br \/>\n\t\t\t\t\t\t\t\t\t\t<img loading=\"lazy\" decoding=\"async\" width=\"525\" height=\"394\" src=\"http:\/\/www.aedbimarasfs.org\/en\/wp-content\/uploads\/2018\/05\/Request-a-service-today.jpg\" alt=\"\" srcset=\"http:\/\/www.aedbimarasfs.org\/en\/wp-content\/uploads\/2018\/05\/Request-a-service-today.jpg 800w, http:\/\/www.aedbimarasfs.org\/en\/wp-content\/uploads\/2018\/05\/Request-a-service-today-300x225.jpg 300w, http:\/\/www.aedbimarasfs.org\/en\/wp-content\/uploads\/2018\/05\/Request-a-service-today-768x576.jpg 768w\" sizes=\"100vw\" \/><br \/>\n\t\t\t\t\t\t\t\t\t\t<img loading=\"lazy\" decoding=\"async\" width=\"525\" height=\"394\" src=\"http:\/\/www.aedbimarasfs.org\/en\/wp-content\/uploads\/2018\/05\/donate-today.jpg\" alt=\"Volunteer\" srcset=\"http:\/\/www.aedbimarasfs.org\/en\/wp-content\/uploads\/2018\/05\/donate-today.jpg 800w, http:\/\/www.aedbimarasfs.org\/en\/wp-content\/uploads\/2018\/05\/donate-today-300x225.jpg 300w, http:\/\/www.aedbimarasfs.org\/en\/wp-content\/uploads\/2018\/05\/donate-today-768x576.jpg 768w\" sizes=\"100vw\" \/>\t\t\t\t\t\t\t\t\t\t\t<\/p>\n<h2>Le b\u00e9n\u00e9volat<\/h2>\n<p>Les <strong>AEDB Imara<\/strong> L'Association de l'Union europ\u00e9enne dispose d'une grande vari\u00e9t\u00e9 de possibilit\u00e9s de b\u00e9n\u00e9volat. Que vous souhaitiez participer \u00e0 des \u00e9v\u00e9nements sp\u00e9ciaux ou vous joindre \u00e0 un comit\u00e9, il y en a pour tous les go\u00fbts ! N'h\u00e9sitez pas \u00e0 contacter notre bureau d\u00e8s aujourd'hui et \u00e0 demander comment vous pouvez vous impliquer !<\/p>\n<p>\t\t\t<a href=\"https:\/\/www.aedbimarasfs.org\/en\/fr\/volunteer\/\" role=\"button\"><br \/>\n\t\t\t\t\t\tS'inscrire comme volontaire<br \/>\n\t\t\t\t\t<\/a><\/p>","protected":false},"excerpt":{"rendered":"<p>Support AEDB Imara Would you like to make a difference in our community? Who we are What we do Make a DONATION AEDB Imara makes it easy and safe for you to give to local projects from anywhere in the world. Donation range from $50 &#8211; $1,000 Donate today Request a Service Anyone can now &hellip; <\/p>\n<p class=\"link-more\"><a href=\"https:\/\/www.aedbimarasfs.org\/en\/fr\/support-aedb\/\" class=\"more-link\">Continuer la lecture<span class=\"screen-reader-text\"> de &laquo;&nbsp;Support AEDB&nbsp;&raquo;<\/span><\/a><\/p>","protected":false},"author":1,"featured_media":0,"parent":0,"menu_order":0,"comment_status":"closed","ping_status":"closed","template":"elementor_header_footer","meta":{"footnotes":""},"_links":{"self":[{"href":"https:\/\/www.aedbimarasfs.org\/en\/fr\/wp-json\/wp\/v2\/pages\/29"}],"collection":[{"href":"https:\/\/www.aedbimarasfs.org\/en\/fr\/wp-json\/wp\/v2\/pages"}],"about":[{"href":"https:\/\/www.aedbimarasfs.org\/en\/fr\/wp-json\/wp\/v2\/types\/page"}],"author":[{"embeddable":true,"href":"https:\/\/www.aedbimarasfs.org\/en\/fr\/wp-json\/wp\/v2\/users\/1"}],"replies":[{"embeddable":true,"href":"https:\/\/www.aedbimarasfs.org\/en\/fr\/wp-json\/wp\/v2\/comments?post=29"}],"version-history":[{"count":35,"href":"https:\/\/www.aedbimarasfs.org\/en\/fr\/wp-json\/wp\/v2\/pages\/29\/revisions"}],"predecessor-version":[{"id":2091,"href":"https:\/\/www.aedbimarasfs.org\/en\/fr\/wp-json\/wp\/v2\/pages\/29\/revisions\/2091"}],"wp:attachment":[{"href":"https:\/\/www.aedbimarasfs.org\/en\/fr\/wp-json\/wp\/v2\/media?parent=29"}],"curies":[{"name":"wp","href":"https:\/\/api.w.org\/{rel}","templated":true}]}}