{"id":27,"date":"2018-04-11T22:36:03","date_gmt":"2018-04-11T22:36:03","guid":{"rendered":"http:\/\/www.aedbimarasfs.org\/en\/?page_id=27"},"modified":"2018-07-15T13:14:10","modified_gmt":"2018-07-15T13:14:10","slug":"education","status":"publish","type":"page","link":"https:\/\/www.aedbimarasfs.org\/en\/fr\/education\/","title":{"rendered":"Education"},"content":{"rendered":"<h2>Former nos jeunes pour qu'ils deviennent les leaders de demain<\/h2>\n<p>\t\t\t<a href=\"https:\/\/www.aedbimarasfs.org\/en\/fr\/who-we-are\/\" role=\"button\"><br \/>\n\t\t\t\t\t\tQui sont les personnes<br \/>\n\t\t\t\t\t<\/a><br \/>\n\t\t\t<a href=\"https:\/\/www.aedbimarasfs.org\/en\/fr\/get-involved\/\" role=\"button\"><br \/>\n\t\t\t\t\t\tS'impliquer<br \/>\n\t\t\t\t\t<\/a><\/p>\n<h2>AEDB Education<\/h2>\n<p>Les \u00e9l\u00e8ves actuels des \u00e9coles sal\u00e9siennes et les anciens \u00e9l\u00e8ves sont encourag\u00e9s \u00e0 d\u00e9velopper un sens aigu de la responsabilit\u00e9, du leadership, de l'esprit d'entreprise et des attitudes bienveillantes les uns envers les autres et envers la communaut\u00e9 dans son ensemble. Nous consid\u00e9rons les parents et les familles des \u00e9l\u00e8ves comme des membres importants de la communaut\u00e9 sal\u00e9sienne \u00e9largie.<\/p>\n<p><strong>AEDB-Imara<\/strong> ne serait pas en mesure d'obtenir des r\u00e9sultats globaux exceptionnels sans le partenariat et la coop\u00e9ration du personnel, des anciens \u00e9l\u00e8ves, des \u00e9tudiants, des parents, des b\u00e9n\u00e9voles et de la communaut\u00e9. En acqu\u00e9rant ces comp\u00e9tences, les jeunes joueront un r\u00f4le \u00e0 part enti\u00e8re dans la soci\u00e9t\u00e9 et l'\u00e9conomie.<\/p>\n<p>\t\t\t\t\t\t\t\t\t\t<img loading=\"lazy\" decoding=\"async\" width=\"525\" height=\"394\" src=\"http:\/\/www.aedbimarasfs.org\/en\/wp-content\/uploads\/2018\/04\/youth-entrepreneurship-development-thumb.jpg\" alt=\"Youth Entrepreneurship Development\" srcset=\"http:\/\/www.aedbimarasfs.org\/en\/wp-content\/uploads\/2018\/04\/youth-entrepreneurship-development-thumb.jpg 800w, http:\/\/www.aedbimarasfs.org\/en\/wp-content\/uploads\/2018\/04\/youth-entrepreneurship-development-thumb-300x225.jpg 300w, http:\/\/www.aedbimarasfs.org\/en\/wp-content\/uploads\/2018\/04\/youth-entrepreneurship-development-thumb-768x576.jpg 768w\" sizes=\"100vw\" \/>\t\t\t\t\t\t\t\t\t\t\t<\/p>\n<h2>D\u00e9veloppement de l'esprit d'entreprise chez les jeunes<\/h2>\n<p style=\"text-align: left;\"><strong>AEDB-Imara<\/strong> forme les apprenants aux comp\u00e9tences commerciales afin de d\u00e9velopper une compr\u00e9hension des organisations commerciales et de leur fournir une exp\u00e9rience r\u00e9elle et pratique de la gestion de petites entreprises qui leur sont propres - cr\u00e9ant ainsi une conscience entrepreneuriale.<\/p>\n<h2>D\u00e9veloppement de l'esprit d'initiative chez les jeunes <\/h2>\n<p style=\"text-align: right;\">Nous visons \u00e0 d\u00e9couvrir et \u00e0 d\u00e9velopper les futurs leaders en promouvant des exp\u00e9riences de d\u00e9veloppement du leadership des jeunes qui encouragent la participation du groupe ainsi que la collaboration avec d'autres individus et groupes.<\/p>\n<p>\t\t\t\t\t\t\t\t\t\t<img loading=\"lazy\" decoding=\"async\" width=\"525\" height=\"350\" src=\"http:\/\/www.aedbimarasfs.org\/en\/wp-content\/uploads\/2018\/05\/Youth-Leadership-Programmes-1024x683.jpg\" alt=\"Youth Leadership Programmes\" srcset=\"http:\/\/www.aedbimarasfs.org\/en\/wp-content\/uploads\/2018\/05\/Youth-Leadership-Programmes-1024x683.jpg 1024w, http:\/\/www.aedbimarasfs.org\/en\/wp-content\/uploads\/2018\/05\/Youth-Leadership-Programmes-300x200.jpg 300w, http:\/\/www.aedbimarasfs.org\/en\/wp-content\/uploads\/2018\/05\/Youth-Leadership-Programmes-768x512.jpg 768w, http:\/\/www.aedbimarasfs.org\/en\/wp-content\/uploads\/2018\/05\/Youth-Leadership-Programmes.jpg 1200w\" sizes=\"100vw\" \/><br \/>\n\t\t\t\t\t\t\t\t\t\t<img loading=\"lazy\" decoding=\"async\" width=\"525\" height=\"394\" src=\"http:\/\/www.aedbimarasfs.org\/en\/wp-content\/uploads\/2018\/04\/youth-life-skills-thumb.jpg\" alt=\"Youth life skills\" srcset=\"http:\/\/www.aedbimarasfs.org\/en\/wp-content\/uploads\/2018\/04\/youth-life-skills-thumb.jpg 800w, http:\/\/www.aedbimarasfs.org\/en\/wp-content\/uploads\/2018\/04\/youth-life-skills-thumb-300x225.jpg 300w, http:\/\/www.aedbimarasfs.org\/en\/wp-content\/uploads\/2018\/04\/youth-life-skills-thumb-768x576.jpg 768w\" sizes=\"100vw\" \/>\t\t\t\t\t\t\t\t\t\t\t<\/p>\n<h2>Comp\u00e9tences de vie des jeunes<\/h2>\n<p style=\"text-align: left;\">Dans l'\u00e9conomie mondiale d'aujourd'hui, qui \u00e9volue rapidement, les \u00e9ducateurs et les employ\u00e9s reconnaissent que l'\u00e9ducation traditionnelle ne parvient souvent pas \u00e0 fournir aux jeunes les comp\u00e9tences de base dont ils ont besoin pour r\u00e9ussir - \u00e0 l'\u00e9cole, au sein de leur communaut\u00e9 et sur leur futur lieu de travail. Transmettre des comp\u00e9tences de vie qui cherchent \u00e0 construire une bonne base pour l'auto-d\u00e9veloppement et la r\u00e9ussite dans la vie.<\/p>\n<p>Am\u00e9liorer la pens\u00e9e critique, le niveau de confiance et les capacit\u00e9s de r\u00e9solution de probl\u00e8mes chez les jeunes. Produire des jeunes qui d\u00e9montrent la capacit\u00e9 d'articuler des valeurs personnelles et un sens de la responsabilit\u00e9 envers eux-m\u00eames et les autres.<\/p>","protected":false},"excerpt":{"rendered":"<p>Educating our Youth to become tomorrows leaders Who are are Get involved AEDB Education Current students of Salesian schools and alumni are encouraged to develop a strong sense of responsibility, leadership, entrepreneurship and caring attitudes towards one another and the community at large. We consider the parents and families of students to be important members &hellip; <\/p>\n<p class=\"link-more\"><a href=\"https:\/\/www.aedbimarasfs.org\/en\/fr\/education\/\" class=\"more-link\">Continuer la lecture<span class=\"screen-reader-text\"> de &laquo;&nbsp;Education&nbsp;&raquo;<\/span><\/a><\/p>","protected":false},"author":1,"featured_media":0,"parent":0,"menu_order":0,"comment_status":"closed","ping_status":"closed","template":"elementor_header_footer","meta":{"footnotes":""},"_links":{"self":[{"href":"https:\/\/www.aedbimarasfs.org\/en\/fr\/wp-json\/wp\/v2\/pages\/27"}],"collection":[{"href":"https:\/\/www.aedbimarasfs.org\/en\/fr\/wp-json\/wp\/v2\/pages"}],"about":[{"href":"https:\/\/www.aedbimarasfs.org\/en\/fr\/wp-json\/wp\/v2\/types\/page"}],"author":[{"embeddable":true,"href":"https:\/\/www.aedbimarasfs.org\/en\/fr\/wp-json\/wp\/v2\/users\/1"}],"replies":[{"embeddable":true,"href":"https:\/\/www.aedbimarasfs.org\/en\/fr\/wp-json\/wp\/v2\/comments?post=27"}],"version-history":[{"count":43,"href":"https:\/\/www.aedbimarasfs.org\/en\/fr\/wp-json\/wp\/v2\/pages\/27\/revisions"}],"predecessor-version":[{"id":2129,"href":"https:\/\/www.aedbimarasfs.org\/en\/fr\/wp-json\/wp\/v2\/pages\/27\/revisions\/2129"}],"wp:attachment":[{"href":"https:\/\/www.aedbimarasfs.org\/en\/fr\/wp-json\/wp\/v2\/media?parent=27"}],"curies":[{"name":"wp","href":"https:\/\/api.w.org\/{rel}","templated":true}]}}