{"id":25,"date":"2018-04-11T22:35:36","date_gmt":"2018-04-11T22:35:36","guid":{"rendered":"http:\/\/www.aedbimarasfs.org\/en\/?page_id=25"},"modified":"2018-07-16T18:42:52","modified_gmt":"2018-07-16T18:42:52","slug":"fellowship","status":"publish","type":"page","link":"https:\/\/www.aedbimarasfs.org\/en\/fr\/fellowship\/","title":{"rendered":"La Fraternit\u00e9"},"content":{"rendered":"<p><a href=\"https:\/\/www.aedbimarasfs.org\/en\/fr\/who-we-are\/\" role=\"button\"><br \/>\n\t\t\t\t\t\tQui sommes-nous ?<br \/>\n\t\t\t\t\t<\/a><br \/>\n\t\t\t<a href=\"https:\/\/www.aedbimarasfs.org\/en\/fr\/get-involved\/\" role=\"button\"><br \/>\n\t\t\t\t\t\tS'impliquer<br \/>\n\t\t\t\t\t<\/a><\/p>\n<h2>Bourse AEDB<\/h2>\n<p>Les <strong>AEDB-Imara<\/strong> La bourse offre un d\u00e9veloppement du leadership, un apprentissage de l'entrepreneuriat et des aptitudes \u00e0 la vie quotidienne, et un renforcement de la communaut\u00e9 aux professionnels de l'AEDB Imara en d\u00e9but de carri\u00e8re et aux leaders non professionnels qui travaillent \u00e0 r\u00e9soudre les probl\u00e8mes \u00e9ducatifs, sociaux et \u00e9conomiques de notre communaut\u00e9.<\/p>\n<p>Les candidatures pour Lubumbashi sont actuellement ouvertes. Pour plus d'informations sur le programme, contactez le bureau de recrutement \u00e0 l'adresse suivante <a style=\"color: #000000;\" href=\"mailto:recrutement@aedbimarasfs.org\">recrutement@aedbimarasfs.org<\/a><\/p>\n<p>\t\t\t<a href=\"https:\/\/www.aedbimarasfs.org\/en\/fr\/alumni-network\/\" role=\"button\"><br \/>\n\t\t\t\t\t\tDevenir un FELLOW<br \/>\n\t\t\t\t\t<\/a><\/p>\n<h4>FAQ<\/h4>\n<h5>Questions et r\u00e9ponses les plus fr\u00e9quentes<\/h5>\n<p>\t\t\t\t\t\t\t\t\t\t\t\tQu'est-ce que la bourse AEDB-Imara ?\t\t\t\t\t<\/p>\n<p>Les <strong>AEDB-Imara<\/strong> La bourse est une occasion inestimable d'approfondir des concepts, des id\u00e9es, des communaut\u00e9s, des exp\u00e9riences, des voisins et des amis li\u00e9s \u00e0 l'\u00e9ducation que vous n'auriez peut-\u00eatre pas eu la chance d'avoir autrement. \u00c0 travers le prisme de Don Bosco, la bourse guide les participants pour qu'ils cultivent le changement social dans leurs communaut\u00e9s respectives, en particulier dans le domaine de l'\u00e9ducation. Les boursiers sont in\u00e9vitablement expos\u00e9s \u00e0 des questions et \u00e0 des valeurs complexes et sont encourag\u00e9s et soutenus pour les affronter de front.<\/p>\n<p>\t\t\t\t\t\t\t\t\t\t\t\tQui doit poser sa candidature ?\t\t\t\t\t<\/p>\n<p>Toute personne \u00e2g\u00e9e de 20 \u00e0 25 ans peut poser sa candidature. Aucune condition de dipl\u00f4me n'est requise pour \u00eatre pris en consid\u00e9ration.<\/p>\n<p>Si vous avez envie de vous plonger dans l'\u00e9ducation, d'apprendre d'une communaut\u00e9 (qui n'est potentiellement pas la v\u00f4tre) et d'en apprendre infiniment sur vous-m\u00eame, vous devez absolument poser votre candidature. Si vous \u00eates int\u00e9ress\u00e9 par l'exp\u00e9rience AEDB Imara, vous devez \u00eatre pr\u00eat \u00e0 accepter un \"inconfort productif\" comme moyen de d\u00e9veloppement personnel et professionnel inestimable.<\/p>\n<p>Si vous \u00eates passionn\u00e9 par la cr\u00e9ation d'une meilleure communaut\u00e9 pour toutes les personnes impliqu\u00e9es, et si vous \u00eates pr\u00eat \u00e0 joindre vos forces \u00e0 une communaut\u00e9 diversifi\u00e9e de personnes qui travaillent dur pour d\u00e9velopper le leadership, l'esprit d'entreprise et les comp\u00e9tences de vie des jeunes, vous devriez postuler pour la bourse AEDB. Si vous \u00eates pr\u00eat \u00e0 vous placer dans un environnement qui peut remettre en question les zones de confort auxquelles vous \u00eates habitu\u00e9, \u00e0 ouvrir les yeux sur des \u00e9v\u00e9nements mondiaux dont vous n'aviez peut-\u00eatre pas conscience et \u00e0 faire partie d'un groupe de personnes qui apportent des changements progressifs dans ces domaines, vous devriez poser votre candidature et vous voir sous un nouvel angle d'empathie et de capacit\u00e9.<\/p>\n<p>\t\t\t\t\t\t\t\t\t\t\t\tQue vais-je faire en tant que boursier AEDB-Imara ?\t\t\t\t\t<\/p>\n<p>Tant de choses ! <\/p>\n<p>Nombre d'entre eux seront tout \u00e0 fait nouveaux et passionnants, et vous sortiront tr\u00e8s certainement de votre zone de confort. Vous planifierez et organiserez des \u00e9v\u00e9nements, assisterez \u00e0 des r\u00e9unions de la communaut\u00e9 et du conseil scolaire, ferez du b\u00e9n\u00e9volat presque tous les jours, apprendrez \u00e0 conna\u00eetre les \u00e9l\u00e8ves et la communaut\u00e9 que vous servez comme vous ne l'avez jamais fait auparavant, \u00e9tablirez des liens avec des personnes de tous \u00e2ges, d\u00e9velopperez des moyens cr\u00e9atifs d'atteindre les gens, remettrez en question vos croyances, vous sentirez des conflits, rencontrerez plus de gens que vous ne pourrez en compter, vous vous rendrez \u00e0 des services partout, vous vous salirez les mains, vous ferez le m\u00e9nage, vous ferez une diff\u00e9rence visible et palpable, et vous ferez sourire un grand nombre de personnes.<\/p>\n<p>Vous passerez une partie de votre temps avec votre (vos) organisation(s) partenaire(s), \u00e0 les soutenir et \u00e0 travailler dans le domaine de l'\u00e9ducation. Vous prendrez le temps d'organiser des r\u00e9unions individuelles avec les membres de la communaut\u00e9 locale et les volontaires, en \u00e9coutant leurs exp\u00e9riences et en veillant \u00e0 ce que toutes les voix soient prises en compte dans votre travail. Vous organiserez et superviserez \u00e9galement des \u00e9v\u00e9nements de volontariat, petits et grands, et ressentirez la joie de mettre la main \u00e0 la p\u00e2te. En outre, vous planifierez et animerez des \u00e9v\u00e9nements \u00e9ducatifs pour la communaut\u00e9 en rapport avec diverses questions socio-\u00e9conomiques. Cela vous semble-t-il beaucoup ? Oui, c'est vrai. Mais chaque jour est une nouvelle aventure, et il y a toujours quelque chose \u00e0 apprendre en cours de route.<\/p>\n<p>\t\t\t\t\t\t\t\t\t\t\t\tQuels sont les th\u00e8mes abord\u00e9s par l'AEDB Imara ?\t\t\t\t\t<\/p>\n<p><strong>AEDB Imara<\/strong> se concentre sur trois aspects de l'\u00e9ducation : Le leadership des jeunes, l'esprit d'entreprise et le d\u00e9veloppement des comp\u00e9tences n\u00e9cessaires \u00e0 la vie courante.<\/p>\n<p>Ces questions requi\u00e8rent une attention particuli\u00e8re dans tout le pays, et nous sommes convaincus que les jeunes sont passionn\u00e9s par ces questions. Les boursiers travaillent ensemble au sein d'une \u00e9quipe scolaire, et le travail de chacun d'entre eux se concentre sur l'un de ces domaines \u00e0 multiples facettes.<\/p>\n<p>Dans le dossier de candidature, les boursiers pourront indiquer leur domaine de pr\u00e9dilection ou choisir de travailler l\u00e0 o\u00f9 l'on a le plus besoin d'eux.<\/p>\n<p>L'\u00e9ducation et son impact sur l'acc\u00e8s des individus et des communaut\u00e9s aux ressources et \u00e0 l'autosuffisance sont sous-jacents et se recoupent dans ces domaines. Tout au long de l'ann\u00e9e, en tant que boursier et avec des b\u00e9n\u00e9voles, des participants et des partenaires communautaires, les boursiers exploreront et rel\u00e8veront certains des principaux d\u00e9fis de nos communaut\u00e9s et de notre soci\u00e9t\u00e9. En tant qu'organisation, nous consid\u00e9rons que le service consiste \u00e0 construire une solidarit\u00e9 entre voisins, au-del\u00e0 des lignes et des identit\u00e9s religieuses, ethniques et socio-\u00e9conomiques. Nous servons en partenariat, en \u00e9coutant les autres et en prenant l'initiative, de mani\u00e8re \u00e0 honorer une multitude de besoins et d'exp\u00e9riences v\u00e9cues. Le service, s'il est bien fait, peut soutenir l'\u00e9lan vers l'excellence en mati\u00e8re d'\u00e9ducation.<\/p>\n<p>Nous croyons \u00e9galement qu'un dialogue structur\u00e9 mais organique sur des questions sociales cruciales est un catalyseur cl\u00e9 qui nous am\u00e8ne \u00e0 agir en solidarit\u00e9 avec nos voisins.<\/p>\n<p>Les boursiers travaillent avec un groupe de trois \u00e0 quatre boursiers (\u00e9l\u00e8ves de 5e, 6e, 7e ou 8e ann\u00e9e) au moins une fois par semaine et facilitent l'enseignement des math\u00e9matiques, de la litt\u00e9rature ou des sciences sociales.<\/p>\n<p>Les boursiers organiseront \u00e9galement des programmes publics qui int\u00e8grent l'apprentissage contextuel, le volontariat et la r\u00e9flexion. Dans le pass\u00e9, les boursiers ont organis\u00e9 une projection de documentaire suivie d'une discussion avec un repr\u00e9sentant de l'un des partenaires de service de l'AEDB. D'autres programmes publics ont inclus un happy hour centr\u00e9 sur une conversation sur l'\u00e9ducation, et un programme de nettoyage du terrain pour le groupe des 20 et 30 ans d'une \u00e9glise locale.<\/p>\n<p>\t\t\t\t\t\t\t\t\t\t\t\t\u00c0 quoi ressemblera ma journ\u00e9e type en tant que boursier ?\t\t\t\t\t<\/p>\n<p>C'est l'une de mes questions pr\u00e9f\u00e9r\u00e9es, car il n'y a pas vraiment de journ\u00e9e type quand on est boursier. Une partie de votre travail en tant que boursier consistera \u00e0 planifier des \u00e9v\u00e9nements visant \u00e0 impliquer les membres de la communaut\u00e9. Vous passerez une partie de la semaine \u00e0 collaborer avec d'autres boursiers et votre directeur de programme pour planifier des \u00e9v\u00e9nements sur le th\u00e8me du leadership et de l'esprit d'entreprise chez les jeunes qui auront lieu dans vos quartiers. Un autre aspect du programme est le d\u00e9veloppement professionnel et l'apprentissage.<\/p>\n<p>Les boursiers participeront \u00e0 des sessions d'apprentissage hebdomadaires pour en savoir plus sur des sujets socio-\u00e9conomiques et sur leurs communaut\u00e9s. L'apprentissage AEDB est incorpor\u00e9 dans cette partie du programme pour renforcer la compr\u00e9hension et le lien entre les valeurs de Don Bosco, le service et le volontariat. Les boursiers se porteront \u00e9galement volontaires aupr\u00e8s d'organisations locales, assisteront \u00e0 des \u00e9v\u00e9nements communautaires locaux (tels que des \" happy hours \", des foires aux organisations sur le campus, etc. S'il peut sembler d\u00e9courageant (ou frustrant) qu'il n'y ait pas de \" journ\u00e9e type \", c'est l'un des aspects les plus int\u00e9ressants du programme. Il permet aux boursiers d'\u00eatre expos\u00e9s \u00e0 de multiples aspects du monde associatif et de se d\u00e9velopper de multiples fa\u00e7ons. Les boursiers sont en mesure d'utiliser leurs points forts et ont l'occasion d'apprendre d'un groupe diversifi\u00e9 de personnes qui les entourent.<\/p>\n<p>L'un des aspects les plus passionnants de la bourse AEDB est que votre emploi du temps quotidien est toujours diff\u00e9rent. Un jour, vous pouvez faire du b\u00e9n\u00e9volat avec vos partenaires du service de l'\u00e9ducation, enseigner le codage ou vous salir les mains dans un jardin urbain. Et le lendemain, vous pouvez avoir des rendez-vous autour d'un caf\u00e9 avec de jeunes adultes locaux int\u00e9ress\u00e9s par le travail puissant que vous faites, et travailler avec eux pour cr\u00e9er l'opportunit\u00e9 de b\u00e9n\u00e9volat parfaite pour leur vie. Outre le b\u00e9n\u00e9volat aupr\u00e8s de vos partenaires de service, vous travaillerez \u00e9galement en \u00e9troite collaboration avec diverses communaut\u00e9s, en vous associant \u00e0 elles de multiples fa\u00e7ons ; vous pourrez par exemple enseigner \u00e0 l'\u00e9cole Imara, et bien plus encore. Vos journ\u00e9es sont toujours diff\u00e9rentes, et vous rencontrez et travaillez toujours en \u00e9troite collaboration avec un groupe de personnes extr\u00eamement diverses.<\/p>\n<p>\t\t\t\t\t\t\t\t\t\t\t\tQuelles sont les comp\u00e9tences et les exp\u00e9riences que j'acquerrai en tant que boursier ?\t\t\t\t\t<\/p>\n<p>Je pense que ce qui m'a le plus surpris dans cette bourse, ce sont les comp\u00e9tences transf\u00e9rables. Je n'avais pas r\u00e9alis\u00e9 que je suivrais un cours acc\u00e9l\u00e9r\u00e9 sur les m\u00e9dias sociaux, le marketing, le r\u00e9seautage, la planification d'\u00e9v\u00e9nements, la prise de parole en public, la gestion des donn\u00e9es, et bien d'autres choses encore. Ces comp\u00e9tences, ainsi que mes connaissances nouvellement acquises sur les questions d'impact social et les techniques d'alliance et de solidarit\u00e9, m'ont vraiment donn\u00e9 le sentiment que l'exp\u00e9rience en valait la peine, tant sur le plan personnel que sur le plan professionnel !<\/p>\n<p>Mes comp\u00e9tences en mati\u00e8re de communication se sont consid\u00e9rablement am\u00e9lior\u00e9es gr\u00e2ce au temps que j'ai pass\u00e9 au sein de l'association <strong>AEDB Imara<\/strong>. Comme les boursiers sont gentiment pouss\u00e9s \u00e0 sortir de leur zone de confort dans les situations sociales, mon exp\u00e9rience m'a appris \u00e0 \u00e9couter activement et \u00e0 nouer des liens avec des personnes que je ne connaissais pas auparavant. En outre, le fait d'\u00eatre boursi\u00e8re m'a aid\u00e9e \u00e0 surmonter ma plus grande peur : parler en public ! J'ai commenc\u00e9 \u00e0 prendre plaisir \u00e0 prendre la parole (d'une conversation autour d'une table de 5 personnes \u00e0 une pr\u00e9sentation devant un groupe de 50 personnes) et je ne l'ai jamais regrett\u00e9 !<\/p>\n<p>\t\t\t\t\t\t\t\t\t\t\t\tComment serai-je form\u00e9 ?\t\t\t\t\t<\/p>\n<p>Formation pour les <strong>AEDB Imara<\/strong> La bourse se d\u00e9roule g\u00e9n\u00e9ralement en trois parties. La premi\u00e8re partie est une orientation intensive de 4 \u00e0 5 jours dans un lieu central avec l'ensemble de l'organisation, y compris tout le personnel et tous les nouveaux boursiers. Les objectifs de l'orientation sont de familiariser les boursiers avec l'organisation \u00e0 but non lucratif, de leur pr\u00e9senter la mission et les m\u00e9thodes, de rencontrer le personnel et les autres boursiers, et de commencer \u00e0 travailler sur les comp\u00e9tences n\u00e9cessaires pour r\u00e9ussir dans le cadre de la bourse. Les activit\u00e9s comprennent des conf\u00e9renciers invit\u00e9s, des sessions d'apprentissage interactives et des \u00e9v\u00e9nements sociaux amusants.<\/p>\n<p>La deuxi\u00e8me partie de la formation consiste en une orientation locale plus sp\u00e9cifique de votre \u00e9cole de service et de ses composantes. Cette partie est dirig\u00e9e par le directeur d'Imara et les chefs d'\u00e9quipe, et dure g\u00e9n\u00e9ralement entre 2 et 3 semaines. Les t\u00e2ches et les activit\u00e9s comprennent la rencontre de tous les partenaires de service, l'apprentissage des tenants et aboutissants de l'\u00e9cole, l'acclimatation \u00e0 la situation de vie, le choix des sites de service et le brainstorming pour l'ann\u00e9e \u00e0 venir.<\/p>\n<p>Enfin, vous b\u00e9n\u00e9ficierez d'une formation continue mensuelle avec des professeurs locaux qui sont des experts en \u00e9ducation, ainsi qu'en d\u00e9veloppement des comp\u00e9tences et en apprentissage du leadership.<\/p>\n<p>\t\t\t\t\t\t\t\t\t\t\t\tQuel type d'allocation recevrai-je ?\t\t\t\t\t<\/p>\n<p>Vous recevrez une allocation de 50 dollars par mois. Vous pouvez choisir de participer \u00e0 une couverture fun\u00e9raire de base sans frais. Vous recevrez \u00e9galement une allocation suppl\u00e9mentaire de 100 $ lorsque vous aurez termin\u00e9 le programme.<\/p>\n<p>Les boursiers sont responsables de l'organisation et de la prise en charge de leurs frais d'h\u00e9bergement et de transport vers et depuis le programme pendant la dur\u00e9e de la bourse. Toutefois, une aide financi\u00e8re pour subventionner le co\u00fbt du voyage est disponible pour ceux qui en ont besoin et peut \u00eatre demand\u00e9e de mani\u00e8re confidentielle.<\/p>\n<p>\t\t\t\t\t\t\t\t\t\t\t\tQui peut poser sa candidature ?\t\t\t\t\t<\/p>\n<p>Les <strong>AEDB Imara<\/strong> La bourse est ouverte \u00e0 tous les anciens \u00e9l\u00e8ves d'Imara \u00e2g\u00e9s de 20 \u00e0 25 ans.<\/p>\n<p>Nous cherchons \u00e9galement \u00e0 construire une communaut\u00e9 dans laquelle toutes les personnes de tous les groupes ethniques, les personnes handicap\u00e9es, les personnes issues de la classe ouvri\u00e8re, trouvent un environnement de soutien qui se concentre sur leur leadership.<\/p>\n<p>\t\t\t\t\t\t\t\t\t\t\t\tDois-je \u00eatre AEDB Imara pour participer \u00e0 la bourse ?\t\t\t\t\t<\/p>\n<p>Oui, c'est vrai.<\/p>\n<p>L'AEDB Imara est une organisation qui s'efforce de r\u00e9pondre aux besoins de tous les membres de la communaut\u00e9. Cependant, il n'est pas n\u00e9cessaire d'\u00eatre <strong>AEDB<\/strong> \u00eatre <strong>AEDB<\/strong> ou <strong>Volontaire sal\u00e9sien<\/strong>. Vous devez \u00eatre enthousiaste \u00e0 l'id\u00e9e de mobiliser la communaut\u00e9 pour servir. Vous devez \u00e9galement \u00eatre pr\u00eat \u00e0 explorer comment les valeurs, l'histoire et les coutumes de Don Bosco influencent notre responsabilit\u00e9 dans la cr\u00e9ation d'une meilleure communaut\u00e9. <\/p>\n<p>Nous sommes impatients de travailler avec vous !<\/p>\n<p>\t\t\t\t\t\t\t\t\t\t\t\tComment poser sa candidature ?\t\t\t\t\t<\/p>\n<p>La premi\u00e8re \u00e9tape pour devenir un boursier de l'AEDB est de remplir le formulaire de candidature. La premi\u00e8re consiste \u00e0 t\u00e9l\u00e9charger votre CV et \u00e0 r\u00e9pondre \u00e0 quelques br\u00e8ves questions informatives.<\/p>\n<p>Une fois que vous l'aurez envoy\u00e9, vous recevrez un courriel qui vous conduira \u00e0 la deuxi\u00e8me partie, o\u00f9 vous devrez r\u00e9pondre \u00e0 quelques questions et r\u00e9aliser une courte vid\u00e9o.<\/p>\n<p>\t\t\t\t\t\t\t\t\t\t\t\tQue faire en cas de probl\u00e8me technique ?\t\t\t\t\t<\/p>\n<p>Si vous avez un probl\u00e8me technique, veuillez envoyer un courriel \u00e0 notre \u00e9quipe de la fraternit\u00e9 \u00e0 l'adresse suivante <a style=\"color: #0000ff; text-decoration: underline;\" href=\"mailto:recrutement@aedbimarasfs.org\">recrutement@aedbimarasfs.org<\/a> et nous vous aiderons le plus rapidement possible.<\/p>\n<p>\t\t\t\t\t\t\t\t\t\t\t\tQuand les candidatures doivent-elles \u00eatre d\u00e9pos\u00e9es ?\t\t\t\t\t<\/p>\n<p>Les candidatures sont actuellement accept\u00e9es sur une base continue par l'interm\u00e9diaire de <strong>31 ao\u00fbt 2018<\/strong>.<\/p>\n<p>\t\t\t\t\t\t\t\t\t\t\t\t\u00c0 quoi ressemblent les applications ?\t\t\t\t\t<\/p>\n<p>L'application nous permet \u00e0 <strong>AEDB Imara<\/strong> pour comprendre qui vous \u00eates et ce qui est important pour vous.  C'est votre premi\u00e8re chance de nous parler de vos passions et de vos exp\u00e9riences et d'en savoir plus sur la bourse. Nous vous demanderons de r\u00e9pondre \u00e0 une question vid\u00e9o et de r\u00e9diger deux courts essais personnels sur votre parcours et vos centres d'int\u00e9r\u00eat. Les candidats s\u00e9lectionn\u00e9s seront invit\u00e9s \u00e0 un entretien.<\/p>\n<p>\t\t\t\t\t\t\t\t\t\t\t\tDois-je fournir des r\u00e9f\u00e9rences ?\t\t\t\t\t<\/p>\n<p>Nous demandons deux lettres de recommandation. Dans le dossier de candidature, vous indiquerez les coordonn\u00e9es de vos recommandataires. Nous leur enverrons un bref formulaire d'\u00e9valuation avec la possibilit\u00e9 de t\u00e9l\u00e9charger une lettre de recommandation.<\/p>\n<p>\t\t\t\t\t\t\t\t\t\t\t\tWho should my references be?\t\t\t\t\t<\/p>\n<p>Quelqu'un qui vous conna\u00eet bien et qui conna\u00eet votre travail de dirigeant ! <\/p>\n<p>Par exemple:<\/p>\n<ul>\n<li>Un conseiller acad\u00e9mique, un professeur ou un enseignant avec lequel vous avez travaill\u00e9 en \u00e9troite collaboration. Nous vous demandons de ne soumettre qu'une seule r\u00e9f\u00e9rence acad\u00e9mique.<\/li>\n<li>Un ancien superviseur dans le cadre d'un emploi, d'un stage ou d'une activit\u00e9 b\u00e9n\u00e9vole<\/li>\n<li>Un coll\u00e8gue de travail.<\/li>\n<\/ul>\n<p><em>N'incluez pas d'amis ou de membres de la famille comme r\u00e9f\u00e9rences.<\/em><\/p>\n<p>\t\t\t\t\t\t\t\t\t\t\t\tDevrai-je faire l'objet d'une v\u00e9rification de mes ant\u00e9c\u00e9dents criminels ?\t\t\t\t\t<\/p>\n<p>Oui. En raison de la nature du travail b\u00e9n\u00e9vole, tous les boursiers doivent passer avec succ\u00e8s une v\u00e9rification de leurs ant\u00e9c\u00e9dents criminels.<\/p>\n<p>\t\t\t\t\t\t\t\t\t\t\t\tEt si j'ai d'autres questions ?\t\t\t\t\t<\/p>\n<p>Vous pouvez adresser toutes vos questions au directeur de la bourse \u00e0 l'adresse suivante <a href=\"mailto:recrutement@aedbimarasfs.org\">recrutement@aedbimarasfs.org<\/a><\/p>","protected":false},"excerpt":{"rendered":"<p>Who we are Get involved AEDB Fellowship The AEDB-Imara Fellowship offers leadership development, Entrepreneurship &amp; life skills learning, and community-building to early career AEDB Imara professionals and lay leaders working to address education, social and economic issues in our community. The Lubumbashi applications are currently open. For more information about the program, contact the recruitment &hellip; <\/p>\n<p class=\"link-more\"><a href=\"https:\/\/www.aedbimarasfs.org\/en\/fr\/fellowship\/\" class=\"more-link\">Continuer la lecture<span class=\"screen-reader-text\"> de &laquo;&nbsp;Fellowship&nbsp;&raquo;<\/span><\/a><\/p>","protected":false},"author":1,"featured_media":0,"parent":0,"menu_order":0,"comment_status":"closed","ping_status":"closed","template":"elementor_header_footer","meta":{"footnotes":""},"_links":{"self":[{"href":"https:\/\/www.aedbimarasfs.org\/en\/fr\/wp-json\/wp\/v2\/pages\/25"}],"collection":[{"href":"https:\/\/www.aedbimarasfs.org\/en\/fr\/wp-json\/wp\/v2\/pages"}],"about":[{"href":"https:\/\/www.aedbimarasfs.org\/en\/fr\/wp-json\/wp\/v2\/types\/page"}],"author":[{"embeddable":true,"href":"https:\/\/www.aedbimarasfs.org\/en\/fr\/wp-json\/wp\/v2\/users\/1"}],"replies":[{"embeddable":true,"href":"https:\/\/www.aedbimarasfs.org\/en\/fr\/wp-json\/wp\/v2\/comments?post=25"}],"version-history":[{"count":59,"href":"https:\/\/www.aedbimarasfs.org\/en\/fr\/wp-json\/wp\/v2\/pages\/25\/revisions"}],"predecessor-version":[{"id":2154,"href":"https:\/\/www.aedbimarasfs.org\/en\/fr\/wp-json\/wp\/v2\/pages\/25\/revisions\/2154"}],"wp:attachment":[{"href":"https:\/\/www.aedbimarasfs.org\/en\/fr\/wp-json\/wp\/v2\/media?parent=25"}],"curies":[{"name":"wp","href":"https:\/\/api.w.org\/{rel}","templated":true}]}}