{"id":23,"date":"2018-04-11T22:35:15","date_gmt":"2018-04-11T22:35:15","guid":{"rendered":"http:\/\/www.aedbimarasfs.org\/en\/?page_id=23"},"modified":"2018-07-11T01:45:42","modified_gmt":"2018-07-11T01:45:42","slug":"community-engagement","status":"publish","type":"page","link":"https:\/\/www.aedbimarasfs.org\/en\/fr\/community-engagement\/","title":{"rendered":"Engagement communautaire"},"content":{"rendered":"<h2>Nous avons pour mission de cr\u00e9er des liens, de NE PAS BRISER LA COMMUNAUT\u00c9.<\/h2>\n<p>\t\t\t<a href=\"https:\/\/www.aedbimarasfs.org\/en\/fr\/who-we-are\/\" role=\"button\"><br \/>\n\t\t\t\t\t\tQui sommes-nous ?<br \/>\n\t\t\t\t\t<\/a><br \/>\n\t\t\t<a href=\"https:\/\/www.aedbimarasfs.org\/en\/fr\/get-involved\/\" role=\"button\"><br \/>\n\t\t\t\t\t\tS'impliquer<br \/>\n\t\t\t\t\t<\/a><\/p>\n<h2>Engagement communautaire<\/h2>\n<p style=\"text-align: center;\">Nous travaillons avec les communaut\u00e9s locales pour approfondir leur approche du changement social et \u00e9conomique, et pour comprendre et s'engager dans les questions les plus cruciales auxquelles les gens sont confront\u00e9s aujourd'hui.<\/p>\n<p>\t\t\t\t\t\t\t\t\t\t<img loading=\"lazy\" decoding=\"async\" width=\"525\" height=\"394\" src=\"http:\/\/www.aedbimarasfs.org\/en\/wp-content\/uploads\/2018\/04\/Alumni-Voices.jpg\" alt=\"\" srcset=\"http:\/\/www.aedbimarasfs.org\/en\/wp-content\/uploads\/2018\/04\/Alumni-Voices.jpg 800w, http:\/\/www.aedbimarasfs.org\/en\/wp-content\/uploads\/2018\/04\/Alumni-Voices-300x225.jpg 300w, http:\/\/www.aedbimarasfs.org\/en\/wp-content\/uploads\/2018\/04\/Alumni-Voices-768x576.jpg 768w\" sizes=\"100vw\" \/>\t\t\t\t\t\t\t\t\t\t\t<\/p>\n<h2>La voix des anciens<\/h2>\n<p style=\"text-align: left;\">Nous disposons d'un r\u00e9seau d'anciens experts sur un grand nombre de questions li\u00e9es au changement social et \u00e9conomique dans les communaut\u00e9s locales. Ils sont disponibles pour parler, enseigner, conseiller et faciliter les choses dans vos communaut\u00e9s. <\/p>\n<p style=\"text-align: left;\">Avec le programme \"Les <strong>AEDB<\/strong> vous parlez !\", la s\u00e9rie radiophonique et d'autres r\u00e9seaux sociaux pour les anciens \u00e9l\u00e8ves afin d'informer les jeunes sur leur foi, de leur pr\u00e9senter des exemples attrayants d'entrepreneurs et de dirigeants comme eux qu'ils pourraient imiter, des personnes qui ont v\u00e9cu comme de bons chr\u00e9tiens et d'honn\u00eates citoyens. <\/p>\n<p style=\"text-align: left;\">Nous contacter <a style=\"color: #333333;\" href=\"mailto:secretariat@aedbimarasfs.org\">secretariat@aedbimarasfs.org<\/a> pour plus d'informations.<\/p>\n<h2>Seminars &#038; Workshops<\/h2>\n<p>Nous proposons un large \u00e9ventail de programmes pour votre communaut\u00e9, allant des conversations sur l'entreprenariat et le leadership aux comp\u00e9tences de base. Amenez un membre de l'\u00e9quipe <strong>AEDB-Imara<\/strong> dans votre communaut\u00e9 pour enseigner aujourd'hui.<\/p>\n<p>\t\t\t\t\t\t\t\t\t\t<img loading=\"lazy\" decoding=\"async\" width=\"525\" height=\"394\" src=\"http:\/\/www.aedbimarasfs.org\/en\/wp-content\/uploads\/2018\/04\/Seminars-and-Workshops.jpg\" alt=\"\" srcset=\"http:\/\/www.aedbimarasfs.org\/en\/wp-content\/uploads\/2018\/04\/Seminars-and-Workshops.jpg 800w, http:\/\/www.aedbimarasfs.org\/en\/wp-content\/uploads\/2018\/04\/Seminars-and-Workshops-300x225.jpg 300w, http:\/\/www.aedbimarasfs.org\/en\/wp-content\/uploads\/2018\/04\/Seminars-and-Workshops-768x576.jpg 768w\" sizes=\"100vw\" \/><br \/>\n\t\t\t\t\t\t\t\t\t\t<img loading=\"lazy\" decoding=\"async\" width=\"525\" height=\"394\" src=\"http:\/\/www.aedbimarasfs.org\/en\/wp-content\/uploads\/2018\/04\/Gatherings\u200b.jpg\" alt=\"\" srcset=\"http:\/\/www.aedbimarasfs.org\/en\/wp-content\/uploads\/2018\/04\/Gatherings\u200b.jpg 800w, http:\/\/www.aedbimarasfs.org\/en\/wp-content\/uploads\/2018\/04\/Gatherings\u200b-300x225.jpg 300w, http:\/\/www.aedbimarasfs.org\/en\/wp-content\/uploads\/2018\/04\/Gatherings\u200b-768x576.jpg 768w\" sizes=\"100vw\" \/>\t\t\t\t\t\t\t\t\t\t\t<\/p>\n<h2>Rassemblements<\/h2>\n<p style=\"text-align: left;\">Nous cr\u00e9ons des espaces pour les entrepreneurs et les leaders \u00e9mergents afin qu'ils apprennent ensemble, qu'ils construisent une communaut\u00e9 et qu'ils tirent parti de leur pouvoir collectif pour une action locale plus efficace.<\/p>","protected":false},"excerpt":{"rendered":"<p>We\u2019re on a mission to connect, to BUILD NOT BREAK COMMUNITY Who we are Get involved Community Engagement We work with local communities to deepen their approach to social and economic change, and to understand and engage with the most crucial issues that people are facing today. Alumni Voices We have a network of alumni &hellip; <\/p>\n<p class=\"link-more\"><a href=\"https:\/\/www.aedbimarasfs.org\/en\/fr\/community-engagement\/\" class=\"more-link\">Continuer la lecture<span class=\"screen-reader-text\"> de &laquo;&nbsp;Community Engagement&nbsp;&raquo;<\/span><\/a><\/p>","protected":false},"author":1,"featured_media":0,"parent":0,"menu_order":0,"comment_status":"closed","ping_status":"closed","template":"elementor_header_footer","meta":{"footnotes":""},"_links":{"self":[{"href":"https:\/\/www.aedbimarasfs.org\/en\/fr\/wp-json\/wp\/v2\/pages\/23"}],"collection":[{"href":"https:\/\/www.aedbimarasfs.org\/en\/fr\/wp-json\/wp\/v2\/pages"}],"about":[{"href":"https:\/\/www.aedbimarasfs.org\/en\/fr\/wp-json\/wp\/v2\/types\/page"}],"author":[{"embeddable":true,"href":"https:\/\/www.aedbimarasfs.org\/en\/fr\/wp-json\/wp\/v2\/users\/1"}],"replies":[{"embeddable":true,"href":"https:\/\/www.aedbimarasfs.org\/en\/fr\/wp-json\/wp\/v2\/comments?post=23"}],"version-history":[{"count":29,"href":"https:\/\/www.aedbimarasfs.org\/en\/fr\/wp-json\/wp\/v2\/pages\/23\/revisions"}],"predecessor-version":[{"id":2045,"href":"https:\/\/www.aedbimarasfs.org\/en\/fr\/wp-json\/wp\/v2\/pages\/23\/revisions\/2045"}],"wp:attachment":[{"href":"https:\/\/www.aedbimarasfs.org\/en\/fr\/wp-json\/wp\/v2\/media?parent=23"}],"curies":[{"name":"wp","href":"https:\/\/api.w.org\/{rel}","templated":true}]}}