{"id":21,"date":"2018-04-11T22:34:46","date_gmt":"2018-04-11T22:34:46","guid":{"rendered":"http:\/\/www.aedbimarasfs.org\/en\/?page_id=21"},"modified":"2018-12-23T09:16:20","modified_gmt":"2018-12-23T09:16:20","slug":"alumni-network","status":"publish","type":"page","link":"https:\/\/www.aedbimarasfs.org\/en\/fr\/alumni-network\/","title":{"rendered":"R\u00e9seau des anciens"},"content":{"rendered":"<h2>Donner \u00e0 nos futurs dirigeants les moyens d'agir<\/h2>\n<p>\t\t\t<a href=\"https:\/\/www.aedbimarasfs.org\/en\/fr\/who-we-are\/\" role=\"button\"><br \/>\n\t\t\t\t\t\tQui sommes-nous ?<br \/>\n\t\t\t\t\t<\/a><br \/>\n\t\t\t<a href=\"https:\/\/www.aedbimarasfs.org\/en\/fr\/get-involved\/\" role=\"button\"><br \/>\n\t\t\t\t\t\tS'impliquer<br \/>\n\t\t\t\t\t<\/a><br \/>\n\t\t\t\t\t\t\t\t\t\t<img decoding=\"async\" src=\"http:\/\/www.aedbimarasfs.org\/en\/wp-content\/uploads\/elementor\/thumbs\/volunteer-hands-nos33ca0cgh1g36l7c54ohjgrvqrn060h66hvjypag.jpg\" title=\"Adh\u00e9sion \u00e0 Alunmi\" alt=\"Alunmi Membership\" \/>\t\t\t\t\t\t\t\t\t\t\t<\/p>\n<h2>Adh\u00e9sion \u00e0 Alunmi<\/h2>\n<p>S'inscrire pour faire partie de <strong>AEDB Imara<\/strong> en ayant un impact sur nos jeunes, notre \u00e9cole et nos communaut\u00e9s en faisant un don mensuel ou annuel.<\/p>\n<p>\t\t\t<a href=\"https:\/\/www.aedbimarasfs.org\/en\/fr\/alunmi-membership-registration\/\" role=\"button\"><br \/>\n\t\t\t\t\t\tS'inscrire comme membre<br \/>\n\t\t\t\t\t<\/a><\/p>\n<h2>Enregistrement des vendeurs<\/h2>\n<p>Les entreprises peuvent d\u00e9sormais s'inscrire pour faire partie de l'initiative <strong>AEDB Imara<\/strong> qui ont un impact sur nos jeunes, nos \u00e9coles et nos communaut\u00e9s.<\/p>\n<p>\t\t\t<a href=\"https:\/\/www.aedbimarasfs.org\/en\/fr\/vendor-registrations\/\" role=\"button\"><br \/>\n\t\t\t\t\t\tS'inscrire en tant que vendeur<br \/>\n\t\t\t\t\t<\/a><br \/>\n\t\t\t\t\t\t\t\t\t\t<img loading=\"lazy\" decoding=\"async\" width=\"525\" height=\"295\" src=\"http:\/\/www.aedbimarasfs.org\/en\/wp-content\/uploads\/2018\/04\/Young-Business-Men-and-women-1024x576.jpg\" alt=\"\" srcset=\"http:\/\/www.aedbimarasfs.org\/en\/wp-content\/uploads\/2018\/04\/Young-Business-Men-and-women.jpg 1024w, http:\/\/www.aedbimarasfs.org\/en\/wp-content\/uploads\/2018\/04\/Young-Business-Men-and-women-300x169.jpg 300w, http:\/\/www.aedbimarasfs.org\/en\/wp-content\/uploads\/2018\/04\/Young-Business-Men-and-women-768x432.jpg 768w\" sizes=\"100vw\" \/><br \/>\n\t\t\t\t\t\t\t\t\t\t<img loading=\"lazy\" decoding=\"async\" width=\"525\" height=\"295\" src=\"http:\/\/www.aedbimarasfs.org\/en\/wp-content\/uploads\/2018\/04\/Young-Business-Men-1024x576.jpg\" alt=\"\" srcset=\"http:\/\/www.aedbimarasfs.org\/en\/wp-content\/uploads\/2018\/04\/Young-Business-Men.jpg 1024w, http:\/\/www.aedbimarasfs.org\/en\/wp-content\/uploads\/2018\/04\/Young-Business-Men-300x169.jpg 300w, http:\/\/www.aedbimarasfs.org\/en\/wp-content\/uploads\/2018\/04\/Young-Business-Men-768x432.jpg 768w\" sizes=\"100vw\" \/>\t\t\t\t\t\t\t\t\t\t\t<\/p>\n<h2>Bourse AEDB<\/h2>\n<p style=\"text-align: left;\">Les <strong>AEDB-Imara<\/strong> La bourse offre un d\u00e9veloppement du leadership, un apprentissage de l'entrepreneuriat et des aptitudes \u00e0 la vie quotidienne, ainsi qu'un renforcement de la communaut\u00e9 \u00e0 des personnes en d\u00e9but de carri\u00e8re. <strong>AEDB Imara<\/strong> des professionnels et des leaders la\u00efcs qui s'efforcent de r\u00e9soudre les probl\u00e8mes \u00e9ducatifs, sociaux et \u00e9conomiques de notre communaut\u00e9<\/p>\n<p>\t\t\t<a href=\"https:\/\/www.aedbimarasfs.org\/en\/fr\/aedb-fellowship-registration\/\" role=\"button\"><br \/>\n\t\t\t\t\t\tS'inscrire comme boursier<br \/>\n\t\t\t\t\t<\/a><\/p>\n<h2>Inscription des volontaires<\/h2>\n<p style=\"text-align: left;\">Les <strong>Association AEDB Imara<\/strong> offre de nombreuses possibilit\u00e9s de b\u00e9n\u00e9volat. Que vous souhaitiez participer \u00e0 des \u00e9v\u00e9nements sp\u00e9ciaux ou rejoindre un comit\u00e9, il y en a pour tous les go\u00fbts ! N'h\u00e9sitez pas \u00e0 contacter notre bureau d\u00e8s aujourd'hui et \u00e0 demander comment vous pouvez vous impliquer !<\/p>\n<p>\t\t\t<a href=\"https:\/\/www.aedbimarasfs.org\/en\/fr\/volunteer-registration\/\" role=\"button\"><br \/>\n\t\t\t\t\t\tDevenir b\u00e9n\u00e9vole<br \/>\n\t\t\t\t\t<\/a><br \/>\n\t\t\t\t\t\t\t\t\t\t<img loading=\"lazy\" decoding=\"async\" width=\"525\" height=\"394\" src=\"http:\/\/www.aedbimarasfs.org\/en\/wp-content\/uploads\/2018\/04\/volunteering-thumb-1.jpg\" alt=\"Volunteer Work\" srcset=\"http:\/\/www.aedbimarasfs.org\/en\/wp-content\/uploads\/2018\/04\/volunteering-thumb-1.jpg 800w, http:\/\/www.aedbimarasfs.org\/en\/wp-content\/uploads\/2018\/04\/volunteering-thumb-1-300x225.jpg 300w, http:\/\/www.aedbimarasfs.org\/en\/wp-content\/uploads\/2018\/04\/volunteering-thumb-1-768x576.jpg 768w\" sizes=\"100vw\" \/>\t\t\t\t\t\t\t\t\t\t\t<\/p>\n<h2>Avantages pour les membres<\/h2>\n<p>En tant que <strong>AEDB Imara<\/strong> membre, vous recevez :<\/p>\n<ul style=\"margin-left: 20px;\">\n<li>Possibilit\u00e9 d'inscrire l'entreprise dans le r\u00e9seau de l'annuaire des entreprises de l'AEDB et d'acc\u00e9der \u00e0 un pool de clients potentiels.<\/li>\n<li>Des r\u00e9ductions sur la location de salles d'\u00e9cole et de salles de conf\u00e9rence \u00e0 Imara ont \u00e9t\u00e9 n\u00e9goci\u00e9es si possible.<\/li>\n<li>Annonce pr\u00e9alable des s\u00e9minaires et des cours de ma\u00eetre organis\u00e9s dans le cadre des initiatives de d\u00e9veloppement des petites entreprises (nombre de places limit\u00e9).<\/li>\n<li>Acc\u00e8s \u00e0 des promotions et \u00e0 des r\u00e9ductions sur les achats dans notre r\u00e9seau de vendeurs et de marchands de l'AEDB et dans notre annuaire Select Business Directory.<\/li>\n<li>Participer \u00e0 une couverture de base des frais d'obs\u00e8ques et \u00e0 un r\u00e9gime d'assurance-maladie \u00e0 domicile, sans frais pour les membres cotisants<\/li>\n<li>Postuler pour la bourse AEDB Imara pour le d\u00e9veloppement du leadership, de l'esprit d'entreprise et de l'apprentissage des comp\u00e9tences de la vie pour renforcer l'exp\u00e9rience professionnelle.<\/li>\n<li>Faire de la publicit\u00e9 \u00e0 des tarifs sp\u00e9ciaux sur AEDB Imara profitera \u00e0 votre entreprise tout en soutenant une \u00e9ducation de qualit\u00e9. 10% de tous les revenus sont destin\u00e9s \u00e0 l'administration de l'AEDB et tous les fonds restants contribuent \u00e0 l'am\u00e9lioration de l'\u00e9cole.<\/li>\n<li>Programmes bancaires et de pr\u00eats sp\u00e9cialis\u00e9s dans les banques, dans la mesure du possible<\/li>\n<li>L'acc\u00e8s \u00e0 la <strong>AEDB<\/strong> photocopieuse pour vos flyers et mailers Copies en noir et blanc : Gratuites, copies couleur : r\u00e9duction par page. (Confirmer la disponibilit\u00e9 aupr\u00e8s de la secr\u00e9taire)<\/li>\n<li>Lien gratuit vers votre entreprise \u00e0 partir du site <strong>AEDB<\/strong> site web - <a style=\"color: #000000;\" href=\"http:\/\/www.aedbimarasfs.org\/en\/fr\/\">aedbimarasfs.org<\/a><\/li>\n<li>Utilisation de la <strong>AEDB<\/strong> compte de pr\u00e9-tri pour vos envois en nombre<\/li>\n<li>Lettre d'information diffus\u00e9e \u00e0 l'ensemble des membres <strong>AEDB<\/strong> adh\u00e9sion - par courrier \u00e9lectronique<\/li>\n<li>Aide \u00e0 la d\u00e9fense des int\u00e9r\u00eats des commer\u00e7ants aupr\u00e8s du gouvernement de la ville et de l'\u00c9tat.<\/li>\n<\/ul>\n<h2>Vendeurs<\/h2>\n<p style=\"text-align: center;\"><strong>AEDB-Imara<\/strong> reconna\u00eet le droit de tous les fournisseurs potentiels de services (tous les enseignants de l'AEDB Alunmi &amp; Imara UNIQUEMENT) de s'inscrire en tant que fournisseurs approuv\u00e9s dans notre base de donn\u00e9es des fournisseurs. N'h\u00e9sitez pas \u00e0 consulter notre liste de fournisseurs ou \u00e0 vous inscrire en tant que fournisseur.\n<\/p>\n<p>\t\t\t<a href=\"https:\/\/www.aedbimarasfs.org\/en\/fr\/services\/\" role=\"button\"><br \/>\n\t\t\t\t\t\tVoir la liste des vendeurs<br \/>\n\t\t\t\t\t<\/a><\/p>","protected":false},"excerpt":{"rendered":"<p>Empowering our future leaders Who we are Get involved Alunmi Membership Sign up to be part of AEDB Imara impacting our youth, our school and our communities by giving monthly or annually. Register as a member Vendor Registration Businesses can now sign up to be part of AEDB Imara impacting our youth, our school and &hellip; <\/p>\n<p class=\"link-more\"><a href=\"https:\/\/www.aedbimarasfs.org\/en\/fr\/alumni-network\/\" class=\"more-link\">Continuer la lecture<span class=\"screen-reader-text\"> de &laquo;&nbsp;Alumni Network&nbsp;&raquo;<\/span><\/a><\/p>","protected":false},"author":1,"featured_media":0,"parent":0,"menu_order":0,"comment_status":"closed","ping_status":"closed","template":"elementor_header_footer","meta":{"footnotes":""},"_links":{"self":[{"href":"https:\/\/www.aedbimarasfs.org\/en\/fr\/wp-json\/wp\/v2\/pages\/21"}],"collection":[{"href":"https:\/\/www.aedbimarasfs.org\/en\/fr\/wp-json\/wp\/v2\/pages"}],"about":[{"href":"https:\/\/www.aedbimarasfs.org\/en\/fr\/wp-json\/wp\/v2\/types\/page"}],"author":[{"embeddable":true,"href":"https:\/\/www.aedbimarasfs.org\/en\/fr\/wp-json\/wp\/v2\/users\/1"}],"replies":[{"embeddable":true,"href":"https:\/\/www.aedbimarasfs.org\/en\/fr\/wp-json\/wp\/v2\/comments?post=21"}],"version-history":[{"count":119,"href":"https:\/\/www.aedbimarasfs.org\/en\/fr\/wp-json\/wp\/v2\/pages\/21\/revisions"}],"predecessor-version":[{"id":2167,"href":"https:\/\/www.aedbimarasfs.org\/en\/fr\/wp-json\/wp\/v2\/pages\/21\/revisions\/2167"}],"wp:attachment":[{"href":"https:\/\/www.aedbimarasfs.org\/en\/fr\/wp-json\/wp\/v2\/media?parent=21"}],"curies":[{"name":"wp","href":"https:\/\/api.w.org\/{rel}","templated":true}]}}