{"id":19,"date":"2018-04-11T22:34:11","date_gmt":"2018-04-11T22:34:11","guid":{"rendered":"http:\/\/www.aedbimarasfs.org\/en\/?page_id=19"},"modified":"2018-07-16T17:45:51","modified_gmt":"2018-07-16T17:45:51","slug":"volunteer","status":"publish","type":"page","link":"https:\/\/www.aedbimarasfs.org\/en\/fr\/volunteer\/","title":{"rendered":"Volontaire"},"content":{"rendered":"<h2>Devenez b\u00e9n\u00e9vole d\u00e8s aujourd'hui !<\/h2>\n<p>\t\t\t<a href=\"https:\/\/www.aedbimarasfs.org\/en\/fr\/who-we-are\/\" role=\"button\"><br \/>\n\t\t\t\t\t\tQui sont les personnes<br \/>\n\t\t\t\t\t<\/a><br \/>\n\t\t\t<a href=\"https:\/\/www.aedbimarasfs.org\/en\/fr\/what-we-do\/\" role=\"button\"><br \/>\n\t\t\t\t\t\tCe que nous faisons<br \/>\n\t\t\t\t\t<\/a><\/p>\n<h2>Volontaire<\/h2>\n<p>\"Rejoignez le mouvement pour faire du bien \u00e0 nos jeunes et \u00e0 nos communaut\u00e9s.<\/p>\n<p>\t\t\t\t\t\t\t\t\t\t<img loading=\"lazy\" decoding=\"async\" width=\"128\" height=\"128\" src=\"http:\/\/www.aedbimarasfs.org\/en\/wp-content\/uploads\/2018\/07\/school.png\" alt=\"\" srcset=\"http:\/\/www.aedbimarasfs.org\/en\/wp-content\/uploads\/2018\/07\/school.png 128w, http:\/\/www.aedbimarasfs.org\/en\/wp-content\/uploads\/2018\/07\/school-100x100.png 100w\" sizes=\"100vw\" \/>\t\t\t\t\t\t\t\t\t\t\t<\/p>\n<p style=\"text-align: center;\">Programme d'activit\u00e9s p\u00e9riscolaires<\/p>\n<p>\t\t\t\t\t\t\t\t\t\t<img loading=\"lazy\" decoding=\"async\" width=\"128\" height=\"128\" src=\"http:\/\/www.aedbimarasfs.org\/en\/wp-content\/uploads\/2018\/07\/wifi.png\" alt=\"\" srcset=\"http:\/\/www.aedbimarasfs.org\/en\/wp-content\/uploads\/2018\/07\/wifi.png 128w, http:\/\/www.aedbimarasfs.org\/en\/wp-content\/uploads\/2018\/07\/wifi-100x100.png 100w\" sizes=\"100vw\" \/>\t\t\t\t\t\t\t\t\t\t\t<\/p>\n<p style=\"text-align: center;\">Codage<\/p>\n<p>\t\t\t\t\t\t\t\t\t\t<img loading=\"lazy\" decoding=\"async\" width=\"128\" height=\"128\" src=\"http:\/\/www.aedbimarasfs.org\/en\/wp-content\/uploads\/2018\/07\/holi.png\" alt=\"\" srcset=\"http:\/\/www.aedbimarasfs.org\/en\/wp-content\/uploads\/2018\/07\/holi.png 128w, http:\/\/www.aedbimarasfs.org\/en\/wp-content\/uploads\/2018\/07\/holi-100x100.png 100w\" sizes=\"100vw\" \/>\t\t\t\t\t\t\t\t\t\t\t<\/p>\n<p style=\"text-align: center;\">Immersion culturelle<\/p>\n<p>\t\t\t\t\t\t\t\t\t\t<img loading=\"lazy\" decoding=\"async\" width=\"128\" height=\"128\" src=\"http:\/\/www.aedbimarasfs.org\/en\/wp-content\/uploads\/2018\/07\/student.png\" alt=\"\" srcset=\"http:\/\/www.aedbimarasfs.org\/en\/wp-content\/uploads\/2018\/07\/student.png 128w, http:\/\/www.aedbimarasfs.org\/en\/wp-content\/uploads\/2018\/07\/student-100x100.png 100w\" sizes=\"100vw\" \/>\t\t\t\t\t\t\t\t\t\t\t<\/p>\n<p style=\"text-align: center;\">Ordinateur<\/p>\n<p>Les <strong>Association AEDB Imara<\/strong> offre de nombreuses possibilit\u00e9s de b\u00e9n\u00e9volat. Que vous et votre famille, vos amis, vos coll\u00e8gues, vos camarades de classe, etc. souhaitiez participer \u00e0 des \u00e9v\u00e9nements sp\u00e9ciaux ou rejoindre un comit\u00e9, il y en a pour tous les go\u00fbts ! N'h\u00e9sitez pas \u00e0 contacter notre bureau d\u00e8s aujourd'hui et \u00e0 demander comment vous pouvez vous impliquer !<\/p>\n<p>\t\t\t<a href=\"https:\/\/www.aedbimarasfs.org\/en\/fr\/volunteer-registration\/\" role=\"button\"><br \/>\n\t\t\t\t\t\tDevenir b\u00e9n\u00e9vole<br \/>\n\t\t\t\t\t<\/a><\/p>\n<h2>Possibilit\u00e9s de b\u00e9n\u00e9volat<\/h2>\n<p style=\"text-align: center;\"><strong>Vous ne trouvez pas ce que vous cherchez ?<\/strong><\/p>\n<p>\t\t\t\t\t\t<!-- PopBox:popboxRender --><br \/>\n\t\t\t<!-- PopBox trigger button --><br \/>\n\t\t\t\t<a data-target=\"#popup-1979\" onclick=\"ga('send', 'event', 'modal-popup-1979', 'Click', 'PopBox Button Clicked');\" ><br \/>\n\t\t\t\t\t\t\t\t\t\t\t\tSoumettez votre propre projet<br \/>\n\t\t\t\t<\/a><br \/>\n\t\t\t<!-- \/PopBox trigger button --><br \/>\n\t\t\t<!-- PopBox --><br \/>\n                    <button type=\"button\" data-dismiss=\"modal\" aria-label=\"Fermer\"><br \/>\n\t\t\t\t\t<\/button><\/p>\n<style>.elementor-1979 .elementor-element.elementor-element-773528c{padding:30px 30px 30px 30px;}.elementor-1979 .elementor-element.elementor-element-a17be00 .elementor-widget-container{transition:background 0.3s, border 0.3s, border-radius 0.3s, box-shadow 0.3s;}<\/style>\n<section data-id=\"773528c\" data-element_type=\"section\">\n<form id=\"wpforms-form-1981\" data-formid=\"1981\" method=\"post\" enctype=\"multipart\/form-data\" action=\"\/en\/fr\/wp-admin\/admin-ajax.php\/#wpforms-1981\" data-trp-original-action=\"\/en\/wp-admin\/admin-ajax.php#wpforms-1981\"><label for=\"wpforms-1981-field_1\">Titre de l'\u00e9v\u00e9nement<\/label><input type=\"text\" id=\"wpforms-1981-field_1\" name=\"wpforms[fields][1]\" ><label for=\"wpforms-1981-field_2\">D\u00e9but : Date \/ Heure<\/label><input type=\"text\" name=\"wpforms[fields][2][date]\" id=\"wpforms-1981-field_2\" placeholder=\"\" data-date-format=\"m\/d\/Y\" ><label for=\"wpforms-1981-field_2\">Date<\/label><input type=\"text\" name=\"wpforms[fields][2][time]\" id=\"wpforms-1981-field_2-time\" placeholder=\"\" data-rule-time12h=\"true\" data-time-format=\"g:i A\" data-step=\"30\" ><label for=\"wpforms-1981-field_2\">Time<\/label><label for=\"wpforms-1981-field_3\">Fin : Date \/ Heure<\/label><input type=\"text\" name=\"wpforms[fields][3][date]\" id=\"wpforms-1981-field_3\" placeholder=\"\" data-date-format=\"m\/d\/Y\" ><label for=\"wpforms-1981-field_3\">Date<\/label><input type=\"text\" name=\"wpforms[fields][3][time]\" id=\"wpforms-1981-field_3-time\" placeholder=\"\" data-rule-time12h=\"true\" data-time-format=\"g:i A\" data-step=\"30\" ><label for=\"wpforms-1981-field_3\">Time<\/label><label for=\"wpforms-1981-field_4\">Description de l'\u00e9v\u00e9nement<\/label><textarea id=\"wpforms-1981-field_4\" name=\"wpforms[fields][4]\" ><\/textarea><label for=\"wpforms-1981-field_5\">Lieu de l'\u00e9v\u00e9nement<\/label><input type=\"text\" id=\"wpforms-1981-field_5\" name=\"wpforms[fields][5]\" ><label for=\"wpforms-field_hp\">Comment<\/label><input type=\"text\" name=\"wpforms[hp]\" id=\"wpforms-field_hp\"><input type=\"hidden\" name=\"wpforms[id]\" value=\"1981\"><input type=\"hidden\" name=\"wpforms[author]\" value=\"1\"><button type=\"submit\" name=\"wpforms[submit]\" id=\"wpforms-submit-1981\" value=\"wpforms-submit\" data-alt-text=\"Sending...\">Soumettre une suggestion<\/button><input type=\"hidden\" name=\"trp-form-language\" value=\"fr\"\/><\/form>\n<\/section>\n<br><div data-tockify-calendar=\"aedb.imara.sfs.en\" data-tockify-component=\"calendar\"><\/div><script type='text\/javascript'>if (window._tkf && window._tkf.loadDeclaredCalendars) {window._tkf.loadDeclaredCalendars();}<\/script>","protected":false},"excerpt":{"rendered":"<p>Volunteer today! Who are are What we do Volunteer \u201cJoin the movement of doing good for our youth and communities\u201d. After school Program Coding Cultural Immersion Computer The AEDB Imara Association has a variety of volunteer opportunities. Whether you and your family, friends, colleagues, classmates, etc. would like to help with special events or join &hellip; <\/p>\n<p class=\"link-more\"><a href=\"https:\/\/www.aedbimarasfs.org\/en\/fr\/volunteer\/\" class=\"more-link\">Continuer la lecture<span class=\"screen-reader-text\"> de &laquo;&nbsp;Volunteer&nbsp;&raquo;<\/span><\/a><\/p>","protected":false},"author":1,"featured_media":0,"parent":0,"menu_order":0,"comment_status":"closed","ping_status":"closed","template":"elementor_header_footer","meta":{"footnotes":""},"_links":{"self":[{"href":"https:\/\/www.aedbimarasfs.org\/en\/fr\/wp-json\/wp\/v2\/pages\/19"}],"collection":[{"href":"https:\/\/www.aedbimarasfs.org\/en\/fr\/wp-json\/wp\/v2\/pages"}],"about":[{"href":"https:\/\/www.aedbimarasfs.org\/en\/fr\/wp-json\/wp\/v2\/types\/page"}],"author":[{"embeddable":true,"href":"https:\/\/www.aedbimarasfs.org\/en\/fr\/wp-json\/wp\/v2\/users\/1"}],"replies":[{"embeddable":true,"href":"https:\/\/www.aedbimarasfs.org\/en\/fr\/wp-json\/wp\/v2\/comments?post=19"}],"version-history":[{"count":95,"href":"https:\/\/www.aedbimarasfs.org\/en\/fr\/wp-json\/wp\/v2\/pages\/19\/revisions"}],"predecessor-version":[{"id":2153,"href":"https:\/\/www.aedbimarasfs.org\/en\/fr\/wp-json\/wp\/v2\/pages\/19\/revisions\/2153"}],"wp:attachment":[{"href":"https:\/\/www.aedbimarasfs.org\/en\/fr\/wp-json\/wp\/v2\/media?parent=19"}],"curies":[{"name":"wp","href":"https:\/\/api.w.org\/{rel}","templated":true}]}}