{"id":1627,"date":"2018-05-13T20:48:28","date_gmt":"2018-05-13T20:48:28","guid":{"rendered":"http:\/\/www.aedbimarasfs.org\/en\/?page_id=1627"},"modified":"2018-07-11T03:02:56","modified_gmt":"2018-07-11T03:02:56","slug":"events","status":"publish","type":"page","link":"https:\/\/www.aedbimarasfs.org\/en\/fr\/events\/","title":{"rendered":"Ev\u00e8nements"},"content":{"rendered":"<h2>\u00c9V\u00c9NEMENTS \u00c0 VENIR<\/h2>\n<p>\t\t\t<a href=\"https:\/\/www.aedbimarasfs.org\/en\/fr\/who-we-are\/\" role=\"button\"><br \/>\n\t\t\t\t\t\tQui sommes-nous ?<br \/>\n\t\t\t\t\t<\/a><br \/>\n\t\t\t<a href=\"https:\/\/www.aedbimarasfs.org\/en\/fr\/what-we-do\/\" role=\"button\"><br \/>\n\t\t\t\t\t\tCe que nous faisons<br \/>\n\t\t\t\t\t<\/a><br \/>\n\t\t<br><div data-tockify-calendar=\"aedb.imara.sfs\" data-tockify-component=\"calendar\"><\/div><script type='text\/javascript'>if (window._tkf && window._tkf.loadDeclaredCalendars) {window._tkf.loadDeclaredCalendars();}<\/script><\/p>","protected":false},"excerpt":{"rendered":"<p>UPCOMING EVENTS Who we are What we do<\/p>","protected":false},"author":1,"featured_media":0,"parent":0,"menu_order":0,"comment_status":"closed","ping_status":"closed","template":"elementor_header_footer","meta":{"footnotes":""},"_links":{"self":[{"href":"https:\/\/www.aedbimarasfs.org\/en\/fr\/wp-json\/wp\/v2\/pages\/1627"}],"collection":[{"href":"https:\/\/www.aedbimarasfs.org\/en\/fr\/wp-json\/wp\/v2\/pages"}],"about":[{"href":"https:\/\/www.aedbimarasfs.org\/en\/fr\/wp-json\/wp\/v2\/types\/page"}],"author":[{"embeddable":true,"href":"https:\/\/www.aedbimarasfs.org\/en\/fr\/wp-json\/wp\/v2\/users\/1"}],"replies":[{"embeddable":true,"href":"https:\/\/www.aedbimarasfs.org\/en\/fr\/wp-json\/wp\/v2\/comments?post=1627"}],"version-history":[{"count":21,"href":"https:\/\/www.aedbimarasfs.org\/en\/fr\/wp-json\/wp\/v2\/pages\/1627\/revisions"}],"predecessor-version":[{"id":2057,"href":"https:\/\/www.aedbimarasfs.org\/en\/fr\/wp-json\/wp\/v2\/pages\/1627\/revisions\/2057"}],"wp:attachment":[{"href":"https:\/\/www.aedbimarasfs.org\/en\/fr\/wp-json\/wp\/v2\/media?parent=1627"}],"curies":[{"name":"wp","href":"https:\/\/api.w.org\/{rel}","templated":true}]}}