{"id":15,"date":"2018-04-11T22:31:12","date_gmt":"2018-04-11T22:31:12","guid":{"rendered":"http:\/\/www.aedbimarasfs.org\/en\/?page_id=15"},"modified":"2018-07-07T12:59:48","modified_gmt":"2018-07-07T12:59:48","slug":"contact","status":"publish","type":"page","link":"https:\/\/www.aedbimarasfs.org\/en\/fr\/contact\/","title":{"rendered":"Nous contacter"},"content":{"rendered":"<h2>Nous contacter<\/h2>\n<p>Vous avez besoin de plus d'informations sur ce que nous faisons ? Comment postuler, etc. Utilisez les coordonn\u00e9es ci-dessous pour nous contacter.<\/p>\n<p>\t\t\t<a href=\"https:\/\/www.aedbimarasfs.org\/en\/fr\/who-we-are\/\" role=\"button\"><br \/>\n\t\t\t\t\t\tQui sommes-nous ?<br \/>\n\t\t\t\t\t<\/a><br \/>\n\t\t\t<a href=\"https:\/\/www.aedbimarasfs.org\/en\/fr\/what-we-do\/\" role=\"button\"><br \/>\n\t\t\t\t\t\tCe que nous faisons<br \/>\n\t\t\t\t\t<\/a><br \/>\n\t\t\t<a href=\"https:\/\/www.aedbimarasfs.org\/en\/fr\/get-involved\/\" role=\"button\"><br \/>\n\t\t\t\t\t\tS'impliquer<br \/>\n\t\t\t\t\t<\/a><\/p>\n<p><strong>Adresse<\/strong><br \/> Local RP Oscar KILUFYA Coll\u00e8ge Imara Saint Fran\u00e7ois de Sales, Avenue Maman YEMO N\u00b0 1575, Lubumbashi, R\u00e9publique D\u00e9mocratique du Congo<\/p>\n<p><strong>Nous contacter<\/strong><br \/> \u00a0<a style=\"color: #000000;\" href=\"tel:  243824507351\">+243 82 450 7351<\/a><br \/> <a href=\"tel: 243998808700\">+243 99 880 8700<\/a><br \/>  <a style=\"color: #0000ff; text-decoration: underline;\" href=\"mailto:info@aedbimarasfs.org\">info@aedbimarasfs.org<\/a><\/p>\n<p>\t\t\t\t\t\t\t<a href=\"https:\/\/www.facebook.com\/aedbimaraofficiel\/\" target=\"_blank\"><br \/>\n\t\t\t\t\tFacebook<br \/>\n\t\t\t\t<\/a><br \/>\n\t\t\t\t\t\t\t<a href=\"\" target=\"_blank\"><br \/>\n\t\t\t\t\tTwitter<br \/>\n\t\t\t\t<\/a><br \/>\n\t\t\t\t\t\t\t<a href=\"\" target=\"_blank\"><br \/>\n\t\t\t\t\tLinkedin<br \/>\n\t\t\t\t<\/a><br \/>\n\t\t\t\t\t\t\t<a href=\"\" target=\"_blank\"><br \/>\n\t\t\t\t\tInstagram<br \/>\n\t\t\t\t<\/a><br \/>\n\t\t\t<iframe frameborder=\"0\" scrolling=\"no\" marginheight=\"0\" marginwidth=\"0\" src=\"https:\/\/maps.google.com\/maps?q=Coll%C3%A8ge%20IMARA%20Lubumbashi%2C%20Democratic%20Republic%20of%20the%20Congo&amp;t=m&amp;z=14&amp;output=embed&amp;iwloc=near\" aria-label=\"Coll\u00e8ge IMARA Lubumbashi, R\u00e9publique d\u00e9mocratique du Congo\"><\/iframe><\/p>","protected":false},"excerpt":{"rendered":"<p>Contact us Need more information on what we do? How you can apply etc. Use the below contact details to get in touch with us. Who we are What we do Get involved Address Local RP Oscar KILUFYA Coll\u00e8ge Imara Saint Fran\u00e7ois de Sales, Avenue Maman YEMO N\u00b0 1575, Lubumbashi, R\u00e9publique D\u00e9mocratique du Congo Contact: &hellip; <\/p>\n<p class=\"link-more\"><a href=\"https:\/\/www.aedbimarasfs.org\/en\/fr\/contact\/\" class=\"more-link\">Continuer la lecture<span class=\"screen-reader-text\"> de &laquo;&nbsp;Contact&nbsp;&raquo;<\/span><\/a><\/p>","protected":false},"author":1,"featured_media":0,"parent":0,"menu_order":0,"comment_status":"closed","ping_status":"closed","template":"elementor_header_footer","meta":{"footnotes":""},"_links":{"self":[{"href":"https:\/\/www.aedbimarasfs.org\/en\/fr\/wp-json\/wp\/v2\/pages\/15"}],"collection":[{"href":"https:\/\/www.aedbimarasfs.org\/en\/fr\/wp-json\/wp\/v2\/pages"}],"about":[{"href":"https:\/\/www.aedbimarasfs.org\/en\/fr\/wp-json\/wp\/v2\/types\/page"}],"author":[{"embeddable":true,"href":"https:\/\/www.aedbimarasfs.org\/en\/fr\/wp-json\/wp\/v2\/users\/1"}],"replies":[{"embeddable":true,"href":"https:\/\/www.aedbimarasfs.org\/en\/fr\/wp-json\/wp\/v2\/comments?post=15"}],"version-history":[{"count":60,"href":"https:\/\/www.aedbimarasfs.org\/en\/fr\/wp-json\/wp\/v2\/pages\/15\/revisions"}],"predecessor-version":[{"id":1953,"href":"https:\/\/www.aedbimarasfs.org\/en\/fr\/wp-json\/wp\/v2\/pages\/15\/revisions\/1953"}],"wp:attachment":[{"href":"https:\/\/www.aedbimarasfs.org\/en\/fr\/wp-json\/wp\/v2\/media?parent=15"}],"curies":[{"name":"wp","href":"https:\/\/api.w.org\/{rel}","templated":true}]}}